{"id":2161,"date":"2025-02-11T11:49:40","date_gmt":"2025-02-11T10:49:40","guid":{"rendered":"https:\/\/italcompo.it\/?page_id=2161"},"modified":"2025-02-19T10:40:24","modified_gmt":"2025-02-19T09:40:24","slug":"participation-equitable-envoyee","status":"publish","type":"page","link":"https:\/\/italcompo.it\/fr\/contacts\/participation-equitable-envoyee\/","title":{"rendered":"Participation \u00e9quitable envoy\u00e9e"},"content":{"rendered":"<div class=\"wpb-content-wrapper\"><p>[vc_row css_animation=\u00a0\u00bb\u00a0\u00bb row_type=\u00a0\u00bbrow\u00a0\u00bb use_row_as_full_screen_section=\u00a0\u00bbno\u00a0\u00bb type=\u00a0\u00bbgrid\u00a0\u00bb angled_section=\u00a0\u00bbno\u00a0\u00bb text_align=\u00a0\u00bbcenter\u00a0\u00bb background_image_as_pattern=\u00a0\u00bbwithout_pattern\u00a0\u00bb z_index=\u00a0\u00bb\u00a0\u00bb][vc_column css=\u00a0\u00bb.vc_custom_1552634535087{margin-bottom: 0px !important;padding-bottom: 0px !important;}\u00a0\u00bb offset=\u00a0\u00bbvc_col-lg-offset-2 vc_col-lg-8 vc_col-md-offset-1 vc_col-md-10&Prime;][vc_empty_space height=\u00a0\u00bb0px\u00a0\u00bb el_class=\u00a0\u00bbemptyspace-big\u00a0\u00bb][vc_column_text css=\u00a0\u00bb\u00a0\u00bb]<img decoding=\"async\" style=\"width: 300px;\" src=\"https:\/\/italcompo.it\/wp-content\/uploads\/2024\/07\/logo-italcompo-footer-2.svg\" \/>[\/vc_column_text][vc_empty_space height=\u00a0\u00bb50px\u00a0\u00bb][vc_column_text css=\u00a0\u00bb\u00a0\u00bb el_class=\u00a0\u00bbwhite-text\u00a0\u00bb]<\/p>\n<h3 style=\"padding-bottom: 20px;\">MERCI DE NOUS AVOIR CONTACT\u00c9S<\/h3>\n<p>Votre demande a \u00e9t\u00e9 envoy\u00e9e avec succ\u00e8s.<br \/>\nNous examinerons votre message et serons ravis de vous r\u00e9pondre en d\u00e9tail dans les plus brefs d\u00e9lais.<br \/>\nUne copie de votre demande a \u00e9t\u00e9 envoy\u00e9e \u00e0 votre adresse email.<\/p>\n<p>Merci,<br \/>\n<strong>Italcompo Srl<\/strong>[\/vc_column_text][vc_empty_space height=\u00a0\u00bb50px\u00a0\u00bb]\n\n\t<a href=\"https:\/\/italcompo.it\/\" target=\"_self\" style=\"color: #c58b26;background-color: #000000;font-weight: 800\" class=\"qode-btn qode-btn-medium qode-btn-solid qode-btn-custom-hover-bg qode-btn-custom-hover-color button-richiesta-inviata qode-btn-icon-rotate\" data-hover-bg-color=\"#c58b26\" data-hover-color=\"#ffffff\" >\n\t    <span class=\"qode-btn-text\">+ RETOURNER \u00c0 LA PAGE D&#039;ACCUEIL<\/span>\t<\/a>\n\n[vc_separator type=\u00a0\u00bbnormal\u00a0\u00bb color=\u00a0\u00bb#e0e0e0&Prime; thickness=\u00a0\u00bb1&Prime; down=\u00a0\u00bb60&Prime; transparency=\u00a0\u00bb0.3&Prime; el_class=\u00a0\u00bbseparator-richiesta-inviata\u00a0\u00bb][vc_column_text css=\u00a0\u00bb\u00a0\u00bb el_class=\u00a0\u00bbwhite-text\u00a0\u00bb]<strong>ITALCOMPO SRL<\/strong><br \/>\nN\u00b0 de TVA: 13110500157<br \/>\ninfo@italcompo.it<br \/>\n+39.0331.401111[\/vc_column_text][vc_empty_space height=\u00a0\u00bb220px\u00a0\u00bb][vc_row_inner row_type=\u00a0\u00bbrow\u00a0\u00bb type=\u00a0\u00bbfull_width\u00a0\u00bb text_align=\u00a0\u00bbleft\u00a0\u00bb css_animation=\u00a0\u00bb\u00a0\u00bb][vc_column_inner offset=\u00a0\u00bbvc_hidden-lg vc_hidden-md vc_hidden-xs\u00a0\u00bb][vc_empty_space height=\u00a0\u00bb200px\u00a0\u00bb][\/vc_column_inner][\/vc_row_inner][\/vc_column][\/vc_row]<\/p>\n<\/div>","protected":false},"excerpt":{"rendered":"<p>[vc_row css_animation=\u00a0\u00bb\u00a0\u00bb row_type=\u00a0\u00bbrow\u00a0\u00bb use_row_as_full_screen_section=\u00a0\u00bbno\u00a0\u00bb type=\u00a0\u00bbgrid\u00a0\u00bb angled_section=\u00a0\u00bbno\u00a0\u00bb text_align=\u00a0\u00bbcenter\u00a0\u00bb background_image_as_pattern=\u00a0\u00bbwithout_pattern\u00a0\u00bb z_index=\u00a0\u00bb\u00a0\u00bb][vc_column css=\u00a0\u00bb.vc_custom_1552634535087{margin-bottom: 0px !important;padding-bottom: 0px !important;}\u00a0\u00bb offset=\u00a0\u00bbvc_col-lg-offset-2 vc_col-lg-8 vc_col-md-offset-1 vc_col-md-10&Prime;][vc_empty_space height=\u00a0\u00bb0px\u00a0\u00bb el_class=\u00a0\u00bbemptyspace-big\u00a0\u00bb][vc_column_text css=\u00a0\u00bb\u00a0\u00bb][\/vc_column_text][vc_empty_space height=\u00a0\u00bb50px\u00a0\u00bb][vc_column_text css=\u00a0\u00bb\u00a0\u00bb el_class=\u00a0\u00bbwhite-text\u00a0\u00bb] MERCI DE NOUS AVOIR CONTACT\u00c9S Votre demande a \u00e9t\u00e9 envoy\u00e9e avec succ\u00e8s. Nous examinerons votre message et serons ravis de vous&#8230;<\/p>\n","protected":false},"author":2,"featured_media":0,"parent":1701,"menu_order":0,"comment_status":"closed","ping_status":"closed","template":"full_width.php","meta":{"footnotes":""},"class_list":["post-2161","page","type-page","status-publish","hentry"],"yoast_head":"<!-- This site is optimized with the Yoast SEO plugin v25.6 - https:\/\/yoast.com\/wordpress\/plugins\/seo\/ -->\n<title>Participation \u00e9quitable envoy\u00e9e - Italcompo<\/title>\n<meta name=\"robots\" content=\"index, nofollow, max-snippet:-1, max-image-preview:large, max-video-preview:-1\" \/>\n<link rel=\"canonical\" href=\"https:\/\/italcompo.it\/fr\/contacts\/participation-equitable-envoyee\/\" \/>\n<meta property=\"og:locale\" content=\"fr_FR\" \/>\n<meta property=\"og:type\" content=\"article\" \/>\n<meta property=\"og:title\" content=\"Participation \u00e9quitable envoy\u00e9e - Italcompo\" \/>\n<meta property=\"og:description\" content=\"[vc_row css_animation=\u00a0\u00bb\u00a0\u00bb row_type=\u00a0\u00bbrow\u00a0\u00bb use_row_as_full_screen_section=\u00a0\u00bbno\u00a0\u00bb type=\u00a0\u00bbgrid\u00a0\u00bb angled_section=\u00a0\u00bbno\u00a0\u00bb text_align=\u00a0\u00bbcenter\u00a0\u00bb background_image_as_pattern=\u00a0\u00bbwithout_pattern\u00a0\u00bb z_index=\u00a0\u00bb\u00a0\u00bb][vc_column css=\u00a0\u00bb.vc_custom_1552634535087{margin-bottom: 0px !important;padding-bottom: 0px !important;}\u00a0\u00bb offset=\u00a0\u00bbvc_col-lg-offset-2 vc_col-lg-8 vc_col-md-offset-1 vc_col-md-10&Prime;][vc_empty_space height=\u00a0\u00bb0px\u00a0\u00bb el_class=\u00a0\u00bbemptyspace-big\u00a0\u00bb][vc_column_text css=\u00a0\u00bb\u00a0\u00bb][\/vc_column_text][vc_empty_space height=\u00a0\u00bb50px\u00a0\u00bb][vc_column_text css=\u00a0\u00bb\u00a0\u00bb el_class=\u00a0\u00bbwhite-text\u00a0\u00bb] MERCI DE NOUS AVOIR CONTACT\u00c9S Votre demande a \u00e9t\u00e9 envoy\u00e9e avec succ\u00e8s. Nous examinerons votre message et serons ravis de vous...\" \/>\n<meta property=\"og:url\" content=\"https:\/\/italcompo.it\/fr\/contacts\/participation-equitable-envoyee\/\" \/>\n<meta property=\"og:site_name\" content=\"Italcompo\" \/>\n<meta property=\"article:publisher\" content=\"https:\/\/www.facebook.com\/italcompo?locale=it_IT\" \/>\n<meta property=\"article:modified_time\" content=\"2025-02-19T09:40:24+00:00\" \/>\n<meta property=\"og:image\" content=\"https:\/\/italcompo.it\/wp-content\/uploads\/2024\/07\/logo-italcompo-footer-2.svg\" \/>\n<meta name=\"twitter:card\" content=\"summary_large_image\" \/>\n<meta name=\"twitter:label1\" content=\"Dur\u00e9e de lecture estim\u00e9e\" \/>\n\t<meta name=\"twitter:data1\" content=\"1 minute\" \/>\n<script type=\"application\/ld+json\" class=\"yoast-schema-graph\">{\"@context\":\"https:\/\/schema.org\",\"@graph\":[{\"@type\":\"WebPage\",\"@id\":\"https:\/\/italcompo.it\/fr\/contacts\/participation-equitable-envoyee\/\",\"url\":\"https:\/\/italcompo.it\/fr\/contacts\/participation-equitable-envoyee\/\",\"name\":\"Participation \u00e9quitable envoy\u00e9e - Italcompo\",\"isPartOf\":{\"@id\":\"https:\/\/italcompo.it\/fr\/#website\"},\"primaryImageOfPage\":{\"@id\":\"https:\/\/italcompo.it\/fr\/contacts\/participation-equitable-envoyee\/#primaryimage\"},\"image\":{\"@id\":\"https:\/\/italcompo.it\/fr\/contacts\/participation-equitable-envoyee\/#primaryimage\"},\"thumbnailUrl\":\"https:\/\/italcompo.it\/wp-content\/uploads\/2024\/07\/logo-italcompo-footer-2.svg\",\"datePublished\":\"2025-02-11T10:49:40+00:00\",\"dateModified\":\"2025-02-19T09:40:24+00:00\",\"breadcrumb\":{\"@id\":\"https:\/\/italcompo.it\/fr\/contacts\/participation-equitable-envoyee\/#breadcrumb\"},\"inLanguage\":\"fr-FR\",\"potentialAction\":[{\"@type\":\"ReadAction\",\"target\":[\"https:\/\/italcompo.it\/fr\/contacts\/participation-equitable-envoyee\/\"]}]},{\"@type\":\"ImageObject\",\"inLanguage\":\"fr-FR\",\"@id\":\"https:\/\/italcompo.it\/fr\/contacts\/participation-equitable-envoyee\/#primaryimage\",\"url\":\"https:\/\/italcompo.it\/wp-content\/uploads\/2024\/07\/logo-italcompo-footer-2.svg\",\"contentUrl\":\"https:\/\/italcompo.it\/wp-content\/uploads\/2024\/07\/logo-italcompo-footer-2.svg\"},{\"@type\":\"BreadcrumbList\",\"@id\":\"https:\/\/italcompo.it\/fr\/contacts\/participation-equitable-envoyee\/#breadcrumb\",\"itemListElement\":[{\"@type\":\"ListItem\",\"position\":1,\"name\":\"Home\",\"item\":\"https:\/\/italcompo.it\/fr\/\"},{\"@type\":\"ListItem\",\"position\":2,\"name\":\"Contacts\",\"item\":\"https:\/\/italcompo.it\/fr\/contacts\/\"},{\"@type\":\"ListItem\",\"position\":3,\"name\":\"Participation \u00e9quitable envoy\u00e9e\"}]},{\"@type\":\"WebSite\",\"@id\":\"https:\/\/italcompo.it\/fr\/#website\",\"url\":\"https:\/\/italcompo.it\/fr\/\",\"name\":\"Italcompo\",\"description\":\"tacchificio per l&#039;alta moda\",\"publisher\":{\"@id\":\"https:\/\/italcompo.it\/fr\/#organization\"},\"potentialAction\":[{\"@type\":\"SearchAction\",\"target\":{\"@type\":\"EntryPoint\",\"urlTemplate\":\"https:\/\/italcompo.it\/fr\/?s={search_term_string}\"},\"query-input\":{\"@type\":\"PropertyValueSpecification\",\"valueRequired\":true,\"valueName\":\"search_term_string\"}}],\"inLanguage\":\"fr-FR\"},{\"@type\":\"Organization\",\"@id\":\"https:\/\/italcompo.it\/fr\/#organization\",\"name\":\"Italcompo Srl\",\"url\":\"https:\/\/italcompo.it\/fr\/\",\"logo\":{\"@type\":\"ImageObject\",\"inLanguage\":\"fr-FR\",\"@id\":\"https:\/\/italcompo.it\/fr\/#\/schema\/logo\/image\/\",\"url\":\"https:\/\/italcompo.it\/wp-content\/uploads\/2024\/07\/logo-italcompo-header.svg\",\"contentUrl\":\"https:\/\/italcompo.it\/wp-content\/uploads\/2024\/07\/logo-italcompo-header.svg\",\"width\":240,\"height\":95,\"caption\":\"Italcompo Srl\"},\"image\":{\"@id\":\"https:\/\/italcompo.it\/fr\/#\/schema\/logo\/image\/\"},\"sameAs\":[\"https:\/\/www.facebook.com\/italcompo?locale=it_IT\",\"https:\/\/www.instagram.com\/italcompo_srl\/\",\"https:\/\/www.youtube.com\/@Italcompo\",\"https:\/\/www.linkedin.com\/company\/italcompo\/\"]}]}<\/script>\n<!-- \/ Yoast SEO plugin. -->","yoast_head_json":{"title":"Participation \u00e9quitable envoy\u00e9e - Italcompo","robots":{"index":"index","follow":"nofollow","max-snippet":"max-snippet:-1","max-image-preview":"max-image-preview:large","max-video-preview":"max-video-preview:-1"},"canonical":"https:\/\/italcompo.it\/fr\/contacts\/participation-equitable-envoyee\/","og_locale":"fr_FR","og_type":"article","og_title":"Participation \u00e9quitable envoy\u00e9e - Italcompo","og_description":"[vc_row css_animation=\u00a0\u00bb\u00a0\u00bb row_type=\u00a0\u00bbrow\u00a0\u00bb use_row_as_full_screen_section=\u00a0\u00bbno\u00a0\u00bb type=\u00a0\u00bbgrid\u00a0\u00bb angled_section=\u00a0\u00bbno\u00a0\u00bb text_align=\u00a0\u00bbcenter\u00a0\u00bb background_image_as_pattern=\u00a0\u00bbwithout_pattern\u00a0\u00bb z_index=\u00a0\u00bb\u00a0\u00bb][vc_column css=\u00a0\u00bb.vc_custom_1552634535087{margin-bottom: 0px !important;padding-bottom: 0px !important;}\u00a0\u00bb offset=\u00a0\u00bbvc_col-lg-offset-2 vc_col-lg-8 vc_col-md-offset-1 vc_col-md-10&Prime;][vc_empty_space height=\u00a0\u00bb0px\u00a0\u00bb el_class=\u00a0\u00bbemptyspace-big\u00a0\u00bb][vc_column_text css=\u00a0\u00bb\u00a0\u00bb][\/vc_column_text][vc_empty_space height=\u00a0\u00bb50px\u00a0\u00bb][vc_column_text css=\u00a0\u00bb\u00a0\u00bb el_class=\u00a0\u00bbwhite-text\u00a0\u00bb] MERCI DE NOUS AVOIR CONTACT\u00c9S Votre demande a \u00e9t\u00e9 envoy\u00e9e avec succ\u00e8s. Nous examinerons votre message et serons ravis de vous...","og_url":"https:\/\/italcompo.it\/fr\/contacts\/participation-equitable-envoyee\/","og_site_name":"Italcompo","article_publisher":"https:\/\/www.facebook.com\/italcompo?locale=it_IT","article_modified_time":"2025-02-19T09:40:24+00:00","og_image":[{"url":"https:\/\/italcompo.it\/wp-content\/uploads\/2024\/07\/logo-italcompo-footer-2.svg","type":"","width":"","height":""}],"twitter_card":"summary_large_image","twitter_misc":{"Dur\u00e9e de lecture estim\u00e9e":"1 minute"},"schema":{"@context":"https:\/\/schema.org","@graph":[{"@type":"WebPage","@id":"https:\/\/italcompo.it\/fr\/contacts\/participation-equitable-envoyee\/","url":"https:\/\/italcompo.it\/fr\/contacts\/participation-equitable-envoyee\/","name":"Participation \u00e9quitable envoy\u00e9e - Italcompo","isPartOf":{"@id":"https:\/\/italcompo.it\/fr\/#website"},"primaryImageOfPage":{"@id":"https:\/\/italcompo.it\/fr\/contacts\/participation-equitable-envoyee\/#primaryimage"},"image":{"@id":"https:\/\/italcompo.it\/fr\/contacts\/participation-equitable-envoyee\/#primaryimage"},"thumbnailUrl":"https:\/\/italcompo.it\/wp-content\/uploads\/2024\/07\/logo-italcompo-footer-2.svg","datePublished":"2025-02-11T10:49:40+00:00","dateModified":"2025-02-19T09:40:24+00:00","breadcrumb":{"@id":"https:\/\/italcompo.it\/fr\/contacts\/participation-equitable-envoyee\/#breadcrumb"},"inLanguage":"fr-FR","potentialAction":[{"@type":"ReadAction","target":["https:\/\/italcompo.it\/fr\/contacts\/participation-equitable-envoyee\/"]}]},{"@type":"ImageObject","inLanguage":"fr-FR","@id":"https:\/\/italcompo.it\/fr\/contacts\/participation-equitable-envoyee\/#primaryimage","url":"https:\/\/italcompo.it\/wp-content\/uploads\/2024\/07\/logo-italcompo-footer-2.svg","contentUrl":"https:\/\/italcompo.it\/wp-content\/uploads\/2024\/07\/logo-italcompo-footer-2.svg"},{"@type":"BreadcrumbList","@id":"https:\/\/italcompo.it\/fr\/contacts\/participation-equitable-envoyee\/#breadcrumb","itemListElement":[{"@type":"ListItem","position":1,"name":"Home","item":"https:\/\/italcompo.it\/fr\/"},{"@type":"ListItem","position":2,"name":"Contacts","item":"https:\/\/italcompo.it\/fr\/contacts\/"},{"@type":"ListItem","position":3,"name":"Participation \u00e9quitable envoy\u00e9e"}]},{"@type":"WebSite","@id":"https:\/\/italcompo.it\/fr\/#website","url":"https:\/\/italcompo.it\/fr\/","name":"Italcompo","description":"tacchificio per l&#039;alta moda","publisher":{"@id":"https:\/\/italcompo.it\/fr\/#organization"},"potentialAction":[{"@type":"SearchAction","target":{"@type":"EntryPoint","urlTemplate":"https:\/\/italcompo.it\/fr\/?s={search_term_string}"},"query-input":{"@type":"PropertyValueSpecification","valueRequired":true,"valueName":"search_term_string"}}],"inLanguage":"fr-FR"},{"@type":"Organization","@id":"https:\/\/italcompo.it\/fr\/#organization","name":"Italcompo Srl","url":"https:\/\/italcompo.it\/fr\/","logo":{"@type":"ImageObject","inLanguage":"fr-FR","@id":"https:\/\/italcompo.it\/fr\/#\/schema\/logo\/image\/","url":"https:\/\/italcompo.it\/wp-content\/uploads\/2024\/07\/logo-italcompo-header.svg","contentUrl":"https:\/\/italcompo.it\/wp-content\/uploads\/2024\/07\/logo-italcompo-header.svg","width":240,"height":95,"caption":"Italcompo Srl"},"image":{"@id":"https:\/\/italcompo.it\/fr\/#\/schema\/logo\/image\/"},"sameAs":["https:\/\/www.facebook.com\/italcompo?locale=it_IT","https:\/\/www.instagram.com\/italcompo_srl\/","https:\/\/www.youtube.com\/@Italcompo","https:\/\/www.linkedin.com\/company\/italcompo\/"]}]}},"_links":{"self":[{"href":"https:\/\/italcompo.it\/fr\/wp-json\/wp\/v2\/pages\/2161","targetHints":{"allow":["GET"]}}],"collection":[{"href":"https:\/\/italcompo.it\/fr\/wp-json\/wp\/v2\/pages"}],"about":[{"href":"https:\/\/italcompo.it\/fr\/wp-json\/wp\/v2\/types\/page"}],"author":[{"embeddable":true,"href":"https:\/\/italcompo.it\/fr\/wp-json\/wp\/v2\/users\/2"}],"replies":[{"embeddable":true,"href":"https:\/\/italcompo.it\/fr\/wp-json\/wp\/v2\/comments?post=2161"}],"version-history":[{"count":3,"href":"https:\/\/italcompo.it\/fr\/wp-json\/wp\/v2\/pages\/2161\/revisions"}],"predecessor-version":[{"id":2203,"href":"https:\/\/italcompo.it\/fr\/wp-json\/wp\/v2\/pages\/2161\/revisions\/2203"}],"up":[{"embeddable":true,"href":"https:\/\/italcompo.it\/fr\/wp-json\/wp\/v2\/pages\/1701"}],"wp:attachment":[{"href":"https:\/\/italcompo.it\/fr\/wp-json\/wp\/v2\/media?parent=2161"}],"curies":[{"name":"wp","href":"https:\/\/api.w.org\/{rel}","templated":true}]}}