{"id":1860,"date":"2024-06-28T14:21:40","date_gmt":"2024-06-28T12:21:40","guid":{"rendered":"https:\/\/italcompo.it\/services-de-production-de-talons\/stampaggio-tacchi\/"},"modified":"2025-01-07T16:55:06","modified_gmt":"2025-01-07T15:55:06","slug":"moulage-des-talons","status":"publish","type":"page","link":"https:\/\/italcompo.it\/fr\/services-de-production-de-talons\/moulage-des-talons\/","title":{"rendered":"Moulage des talons"},"content":{"rendered":"<div class=\"wpb-content-wrapper\"><p>[vc_row css_animation=\u00a0\u00bb\u00a0\u00bb row_type=\u00a0\u00bbrow\u00a0\u00bb use_row_as_full_screen_section=\u00a0\u00bbno\u00a0\u00bb type=\u00a0\u00bbfull_width\u00a0\u00bb angled_section=\u00a0\u00bbno\u00a0\u00bb text_align=\u00a0\u00bbleft\u00a0\u00bb background_image_as_pattern=\u00a0\u00bbwithout_pattern\u00a0\u00bb z_index=\u00a0\u00bb\u00a0\u00bb el_class=\u00a0\u00bbpadding-fullwidth-row bg-img-top\u00a0\u00bb background_color=\u00a0\u00bb#000000&Prime;][vc_column offset=\u00a0\u00bbvc_col-lg-offset-3 vc_col-lg-6 vc_col-md-offset-2 vc_col-md-8&Prime;][vc_column_text css=\u00a0\u00bb\u00a0\u00bb el_class=\u00a0\u00bbtext-big white-text margin-top-text\u00a0\u00bb]<\/p>\n<h1>moulage des talons<\/h1>\n<p>[\/vc_column_text][vc_empty_space height=\u00a0\u00bb50px\u00a0\u00bb][vc_column_text css=\u00a0\u00bb\u00a0\u00bb el_class=\u00a0\u00bbtext-small white-text\u00a0\u00bb]<\/p>\n<h2>\u00c9TAPE 4 \/ PRODUCTION DE TALONS, PLATEAUX, COMPENS\u00c9S ET PLATEFORMES \u00c9PAISSES<\/h2>\n<p>[\/vc_column_text][vc_empty_space height=\u00a0\u00bb30px\u00a0\u00bb][vc_column_text css=\u00a0\u00bb\u00a0\u00bb el_class=\u00a0\u00bbwhite-text\u00a0\u00bb]<\/p>\n<h3>Nous moulons des talons en ABS, polystyr\u00e8ne, TR Light, plexiglas et TPU compact, dans diff\u00e9rents types de formes et de g\u00e9om\u00e9tries, y compris les plus complexes.<\/h3>\n<p>[\/vc_column_text][vc_empty_space height=\u00a0\u00bb15px\u00a0\u00bb][vc_column_text css=\u00a0\u00bb\u00a0\u00bb el_class=\u00a0\u00bbwhite-text\u00a0\u00bb]Le d\u00e9partement de moulage de notre fabrique de talons est capable de produire avec rapidit\u00e9 et efficacit\u00e9 plus de 10.000 paires de talons, plateaux et compens\u00e9s chaque jour. Notre production s\u2019appuie sur des machines de pointe dot\u00e9es de syst\u00e8mes de chargement et de d\u00e9chargement automatiques. Une fois moul\u00e9s, nos talons de luxe sont soumis \u00e0 un processus de contr\u00f4le rigoureux pour garantir des standards de qualit\u00e9 \u00e9lev\u00e9s.[\/vc_column_text][vc_empty_space height=\u00a0\u00bb150px\u00a0\u00bb el_class=\u00a0\u00bbemptyspace-bottom-title\u00a0\u00bb][vc_row_inner row_type=\u00a0\u00bbrow\u00a0\u00bb type=\u00a0\u00bbfull_width\u00a0\u00bb text_align=\u00a0\u00bbleft\u00a0\u00bb css_animation=\u00a0\u00bb\u00a0\u00bb][vc_column_inner offset=\u00a0\u00bbvc_hidden-md vc_hidden-sm vc_hidden-xs\u00a0\u00bb][vc_empty_space height=\u00a0\u00bb150px\u00a0\u00bb][\/vc_column_inner][\/vc_row_inner][\/vc_column][\/vc_row][vc_row css_animation=\u00a0\u00bb\u00a0\u00bb row_type=\u00a0\u00bbrow\u00a0\u00bb use_row_as_full_screen_section=\u00a0\u00bbno\u00a0\u00bb type=\u00a0\u00bbfull_width\u00a0\u00bb angled_section=\u00a0\u00bbno\u00a0\u00bb text_align=\u00a0\u00bbleft\u00a0\u00bb background_image_as_pattern=\u00a0\u00bbwithout_pattern\u00a0\u00bb z_index=\u00a0\u00bb\u00a0\u00bb background_image=\u00a0\u00bb412&Prime; el_class=\u00a0\u00bbpadding-fullwidth-row\u00a0\u00bb][vc_column][vc_empty_space height=\u00a0\u00bb0px\u00a0\u00bb el_class=\u00a0\u00bbemptyspace-medium\u00a0\u00bb][vc_row_inner row_type=\u00a0\u00bbrow\u00a0\u00bb type=\u00a0\u00bbfull_width\u00a0\u00bb text_align=\u00a0\u00bbleft\u00a0\u00bb css_animation=\u00a0\u00bb\u00a0\u00bb][vc_column_inner offset=\u00a0\u00bbvc_col-lg-offset-2 vc_col-lg-8 vc_col-md-2&Prime;][vc_column_text css=\u00a0\u00bb\u00a0\u00bb el_class=\u00a0\u00bbwhite-text\u00a0\u00bb]<\/p>\n<h3><strong>autres services de fourniture de talons<\/strong><\/h3>\n<p>[\/vc_column_text][vc_empty_space height=\u00a0\u00bb30px\u00a0\u00bb][vc_column_text css=\u00a0\u00bb\u00a0\u00bb el_class=\u00a0\u00bbtext-big white-text\u00a0\u00bb]<a href=\"https:\/\/italcompo.it\/fr\/services-de-production-de-talons\/departement-conception-3d\/\">conception 3D<\/a><br \/>\n<a href=\"https:\/\/italcompo.it\/fr\/services-de-production-de-talons\/modelisme-et-prototypes\/\">mod\u00e9lisme et prototypes<\/a><br \/>\n<a href=\"https:\/\/italcompo.it\/fr\/services-de-production-de-talons\/atelier-de-fabrication-des-moules\/\">atelier de fabrication des moules<\/a><br \/>\n<a href=\"https:\/\/italcompo.it\/fr\/services-de-production-de-talons\/moulage-des-talons\/\">moulage des talons<\/a><br \/>\n<a href=\"https:\/\/italcompo.it\/fr\/services-de-production-de-talons\/fraisage-des-talons\/\">fraisage des talons<\/a><br \/>\n<a href=\"https:\/\/italcompo.it\/fr\/services-de-production-de-talons\/finition-exterieure\/\">finition ext\u00e9rieure<\/a><br \/>\n<a href=\"https:\/\/italcompo.it\/fr\/services-de-production-de-talons\/controle-qualite\/\">contr\u00f4le qualit\u00e9<\/a>[\/vc_column_text][\/vc_column_inner][\/vc_row_inner][vc_empty_space height=\u00a0\u00bb0px\u00a0\u00bb el_class=\u00a0\u00bbemptyspace-big\u00a0\u00bb][\/vc_column][\/vc_row]<\/p>\n<\/div>","protected":false},"excerpt":{"rendered":"<p>[vc_row css_animation=\u00a0\u00bb\u00a0\u00bb row_type=\u00a0\u00bbrow\u00a0\u00bb use_row_as_full_screen_section=\u00a0\u00bbno\u00a0\u00bb type=\u00a0\u00bbfull_width\u00a0\u00bb angled_section=\u00a0\u00bbno\u00a0\u00bb text_align=\u00a0\u00bbleft\u00a0\u00bb background_image_as_pattern=\u00a0\u00bbwithout_pattern\u00a0\u00bb z_index=\u00a0\u00bb\u00a0\u00bb el_class=\u00a0\u00bbpadding-fullwidth-row bg-img-top\u00a0\u00bb background_color=\u00a0\u00bb#000000&Prime;][vc_column offset=\u00a0\u00bbvc_col-lg-offset-3 vc_col-lg-6 vc_col-md-offset-2 vc_col-md-8&Prime;][vc_column_text css=\u00a0\u00bb\u00a0\u00bb el_class=\u00a0\u00bbtext-big white-text margin-top-text\u00a0\u00bb] moulage des talons [\/vc_column_text][vc_empty_space height=\u00a0\u00bb50px\u00a0\u00bb][vc_column_text css=\u00a0\u00bb\u00a0\u00bb el_class=\u00a0\u00bbtext-small white-text\u00a0\u00bb] \u00c9TAPE 4 \/ PRODUCTION DE TALONS, PLATEAUX, COMPENS\u00c9S ET PLATEFORMES \u00c9PAISSES [\/vc_column_text][vc_empty_space height=\u00a0\u00bb30px\u00a0\u00bb][vc_column_text css=\u00a0\u00bb\u00a0\u00bb el_class=\u00a0\u00bbwhite-text\u00a0\u00bb] Nous moulons&#8230;<\/p>\n","protected":false},"author":2,"featured_media":0,"parent":1838,"menu_order":0,"comment_status":"closed","ping_status":"closed","template":"full_width.php","meta":{"footnotes":""},"class_list":["post-1860","page","type-page","status-publish","hentry"],"yoast_head":"<!-- This site is optimized with the Yoast SEO plugin v25.6 - https:\/\/yoast.com\/wordpress\/plugins\/seo\/ -->\n<title>Moulage de Talons sur Mesure - Italcompo<\/title>\n<meta name=\"description\" content=\"Nous moulons des talons en ABS, polystyr\u00e8ne, TR Light, plexiglas et TPU compact, dans une grande vari\u00e9t\u00e9 de formes et de g\u00e9om\u00e9tries, y compris les plus complexes.\" \/>\n<meta name=\"robots\" content=\"index, follow, max-snippet:-1, max-image-preview:large, max-video-preview:-1\" \/>\n<link rel=\"canonical\" href=\"https:\/\/italcompo.it\/fr\/services-de-production-de-talons\/moulage-des-talons\/\" \/>\n<meta property=\"og:locale\" content=\"fr_FR\" \/>\n<meta property=\"og:type\" content=\"article\" \/>\n<meta property=\"og:title\" content=\"Moulage de Talons sur Mesure - Italcompo\" \/>\n<meta property=\"og:description\" content=\"Nous moulons des talons en ABS, polystyr\u00e8ne, TR Light, plexiglas et TPU compact, dans une grande vari\u00e9t\u00e9 de formes et de g\u00e9om\u00e9tries, y compris les plus complexes.\" \/>\n<meta property=\"og:url\" content=\"https:\/\/italcompo.it\/fr\/services-de-production-de-talons\/moulage-des-talons\/\" \/>\n<meta property=\"og:site_name\" content=\"Italcompo\" \/>\n<meta property=\"article:publisher\" content=\"https:\/\/www.facebook.com\/italcompo?locale=it_IT\" \/>\n<meta property=\"article:modified_time\" content=\"2025-01-07T15:55:06+00:00\" \/>\n<meta name=\"twitter:card\" content=\"summary_large_image\" \/>\n<meta name=\"twitter:label1\" content=\"Dur\u00e9e de lecture estim\u00e9e\" \/>\n\t<meta name=\"twitter:data1\" content=\"2 minutes\" \/>\n<script type=\"application\/ld+json\" class=\"yoast-schema-graph\">{\"@context\":\"https:\/\/schema.org\",\"@graph\":[{\"@type\":\"WebPage\",\"@id\":\"https:\/\/italcompo.it\/fr\/services-de-production-de-talons\/moulage-des-talons\/\",\"url\":\"https:\/\/italcompo.it\/fr\/services-de-production-de-talons\/moulage-des-talons\/\",\"name\":\"Moulage de Talons sur Mesure - Italcompo\",\"isPartOf\":{\"@id\":\"https:\/\/italcompo.it\/fr\/#website\"},\"datePublished\":\"2024-06-28T12:21:40+00:00\",\"dateModified\":\"2025-01-07T15:55:06+00:00\",\"description\":\"Nous moulons des talons en ABS, polystyr\u00e8ne, TR Light, plexiglas et TPU compact, dans une grande vari\u00e9t\u00e9 de formes et de g\u00e9om\u00e9tries, y compris les plus complexes.\",\"breadcrumb\":{\"@id\":\"https:\/\/italcompo.it\/fr\/services-de-production-de-talons\/moulage-des-talons\/#breadcrumb\"},\"inLanguage\":\"fr-FR\",\"potentialAction\":[{\"@type\":\"ReadAction\",\"target\":[\"https:\/\/italcompo.it\/fr\/services-de-production-de-talons\/moulage-des-talons\/\"]}]},{\"@type\":\"BreadcrumbList\",\"@id\":\"https:\/\/italcompo.it\/fr\/services-de-production-de-talons\/moulage-des-talons\/#breadcrumb\",\"itemListElement\":[{\"@type\":\"ListItem\",\"position\":1,\"name\":\"Home\",\"item\":\"https:\/\/italcompo.it\/fr\/\"},{\"@type\":\"ListItem\",\"position\":2,\"name\":\"Services\",\"item\":\"https:\/\/italcompo.it\/fr\/services-de-production-de-talons\/\"},{\"@type\":\"ListItem\",\"position\":3,\"name\":\"Moulage des talons\"}]},{\"@type\":\"WebSite\",\"@id\":\"https:\/\/italcompo.it\/fr\/#website\",\"url\":\"https:\/\/italcompo.it\/fr\/\",\"name\":\"Italcompo\",\"description\":\"tacchificio per l&#039;alta moda\",\"publisher\":{\"@id\":\"https:\/\/italcompo.it\/fr\/#organization\"},\"potentialAction\":[{\"@type\":\"SearchAction\",\"target\":{\"@type\":\"EntryPoint\",\"urlTemplate\":\"https:\/\/italcompo.it\/fr\/?s={search_term_string}\"},\"query-input\":{\"@type\":\"PropertyValueSpecification\",\"valueRequired\":true,\"valueName\":\"search_term_string\"}}],\"inLanguage\":\"fr-FR\"},{\"@type\":\"Organization\",\"@id\":\"https:\/\/italcompo.it\/fr\/#organization\",\"name\":\"Italcompo Srl\",\"url\":\"https:\/\/italcompo.it\/fr\/\",\"logo\":{\"@type\":\"ImageObject\",\"inLanguage\":\"fr-FR\",\"@id\":\"https:\/\/italcompo.it\/fr\/#\/schema\/logo\/image\/\",\"url\":\"https:\/\/italcompo.it\/wp-content\/uploads\/2024\/07\/logo-italcompo-header.svg\",\"contentUrl\":\"https:\/\/italcompo.it\/wp-content\/uploads\/2024\/07\/logo-italcompo-header.svg\",\"width\":240,\"height\":95,\"caption\":\"Italcompo Srl\"},\"image\":{\"@id\":\"https:\/\/italcompo.it\/fr\/#\/schema\/logo\/image\/\"},\"sameAs\":[\"https:\/\/www.facebook.com\/italcompo?locale=it_IT\",\"https:\/\/www.instagram.com\/italcompo_srl\/\",\"https:\/\/www.youtube.com\/@Italcompo\",\"https:\/\/www.linkedin.com\/company\/italcompo\/\"]}]}<\/script>\n<!-- \/ Yoast SEO plugin. -->","yoast_head_json":{"title":"Moulage de Talons sur Mesure - Italcompo","description":"Nous moulons des talons en ABS, polystyr\u00e8ne, TR Light, plexiglas et TPU compact, dans une grande vari\u00e9t\u00e9 de formes et de g\u00e9om\u00e9tries, y compris les plus complexes.","robots":{"index":"index","follow":"follow","max-snippet":"max-snippet:-1","max-image-preview":"max-image-preview:large","max-video-preview":"max-video-preview:-1"},"canonical":"https:\/\/italcompo.it\/fr\/services-de-production-de-talons\/moulage-des-talons\/","og_locale":"fr_FR","og_type":"article","og_title":"Moulage de Talons sur Mesure - Italcompo","og_description":"Nous moulons des talons en ABS, polystyr\u00e8ne, TR Light, plexiglas et TPU compact, dans une grande vari\u00e9t\u00e9 de formes et de g\u00e9om\u00e9tries, y compris les plus complexes.","og_url":"https:\/\/italcompo.it\/fr\/services-de-production-de-talons\/moulage-des-talons\/","og_site_name":"Italcompo","article_publisher":"https:\/\/www.facebook.com\/italcompo?locale=it_IT","article_modified_time":"2025-01-07T15:55:06+00:00","twitter_card":"summary_large_image","twitter_misc":{"Dur\u00e9e de lecture estim\u00e9e":"2 minutes"},"schema":{"@context":"https:\/\/schema.org","@graph":[{"@type":"WebPage","@id":"https:\/\/italcompo.it\/fr\/services-de-production-de-talons\/moulage-des-talons\/","url":"https:\/\/italcompo.it\/fr\/services-de-production-de-talons\/moulage-des-talons\/","name":"Moulage de Talons sur Mesure - Italcompo","isPartOf":{"@id":"https:\/\/italcompo.it\/fr\/#website"},"datePublished":"2024-06-28T12:21:40+00:00","dateModified":"2025-01-07T15:55:06+00:00","description":"Nous moulons des talons en ABS, polystyr\u00e8ne, TR Light, plexiglas et TPU compact, dans une grande vari\u00e9t\u00e9 de formes et de g\u00e9om\u00e9tries, y compris les plus complexes.","breadcrumb":{"@id":"https:\/\/italcompo.it\/fr\/services-de-production-de-talons\/moulage-des-talons\/#breadcrumb"},"inLanguage":"fr-FR","potentialAction":[{"@type":"ReadAction","target":["https:\/\/italcompo.it\/fr\/services-de-production-de-talons\/moulage-des-talons\/"]}]},{"@type":"BreadcrumbList","@id":"https:\/\/italcompo.it\/fr\/services-de-production-de-talons\/moulage-des-talons\/#breadcrumb","itemListElement":[{"@type":"ListItem","position":1,"name":"Home","item":"https:\/\/italcompo.it\/fr\/"},{"@type":"ListItem","position":2,"name":"Services","item":"https:\/\/italcompo.it\/fr\/services-de-production-de-talons\/"},{"@type":"ListItem","position":3,"name":"Moulage des talons"}]},{"@type":"WebSite","@id":"https:\/\/italcompo.it\/fr\/#website","url":"https:\/\/italcompo.it\/fr\/","name":"Italcompo","description":"tacchificio per l&#039;alta moda","publisher":{"@id":"https:\/\/italcompo.it\/fr\/#organization"},"potentialAction":[{"@type":"SearchAction","target":{"@type":"EntryPoint","urlTemplate":"https:\/\/italcompo.it\/fr\/?s={search_term_string}"},"query-input":{"@type":"PropertyValueSpecification","valueRequired":true,"valueName":"search_term_string"}}],"inLanguage":"fr-FR"},{"@type":"Organization","@id":"https:\/\/italcompo.it\/fr\/#organization","name":"Italcompo Srl","url":"https:\/\/italcompo.it\/fr\/","logo":{"@type":"ImageObject","inLanguage":"fr-FR","@id":"https:\/\/italcompo.it\/fr\/#\/schema\/logo\/image\/","url":"https:\/\/italcompo.it\/wp-content\/uploads\/2024\/07\/logo-italcompo-header.svg","contentUrl":"https:\/\/italcompo.it\/wp-content\/uploads\/2024\/07\/logo-italcompo-header.svg","width":240,"height":95,"caption":"Italcompo Srl"},"image":{"@id":"https:\/\/italcompo.it\/fr\/#\/schema\/logo\/image\/"},"sameAs":["https:\/\/www.facebook.com\/italcompo?locale=it_IT","https:\/\/www.instagram.com\/italcompo_srl\/","https:\/\/www.youtube.com\/@Italcompo","https:\/\/www.linkedin.com\/company\/italcompo\/"]}]}},"_links":{"self":[{"href":"https:\/\/italcompo.it\/fr\/wp-json\/wp\/v2\/pages\/1860","targetHints":{"allow":["GET"]}}],"collection":[{"href":"https:\/\/italcompo.it\/fr\/wp-json\/wp\/v2\/pages"}],"about":[{"href":"https:\/\/italcompo.it\/fr\/wp-json\/wp\/v2\/types\/page"}],"author":[{"embeddable":true,"href":"https:\/\/italcompo.it\/fr\/wp-json\/wp\/v2\/users\/2"}],"replies":[{"embeddable":true,"href":"https:\/\/italcompo.it\/fr\/wp-json\/wp\/v2\/comments?post=1860"}],"version-history":[{"count":0,"href":"https:\/\/italcompo.it\/fr\/wp-json\/wp\/v2\/pages\/1860\/revisions"}],"up":[{"embeddable":true,"href":"https:\/\/italcompo.it\/fr\/wp-json\/wp\/v2\/pages\/1838"}],"wp:attachment":[{"href":"https:\/\/italcompo.it\/fr\/wp-json\/wp\/v2\/media?parent=1860"}],"curies":[{"name":"wp","href":"https:\/\/api.w.org\/{rel}","templated":true}]}}