{"id":1858,"date":"2024-06-28T14:21:26","date_gmt":"2024-06-28T12:21:26","guid":{"rendered":"https:\/\/italcompo.it\/services-de-production-de-talons\/officina-stampi\/"},"modified":"2025-01-08T09:06:20","modified_gmt":"2025-01-08T08:06:20","slug":"atelier-de-fabrication-des-moules","status":"publish","type":"page","link":"https:\/\/italcompo.it\/fr\/services-de-production-de-talons\/atelier-de-fabrication-des-moules\/","title":{"rendered":"Atelier de fabrication des moules"},"content":{"rendered":"<div class=\"wpb-content-wrapper\"><p>[vc_row css_animation=\u00a0\u00bb\u00a0\u00bb row_type=\u00a0\u00bbrow\u00a0\u00bb use_row_as_full_screen_section=\u00a0\u00bbno\u00a0\u00bb type=\u00a0\u00bbfull_width\u00a0\u00bb angled_section=\u00a0\u00bbno\u00a0\u00bb text_align=\u00a0\u00bbleft\u00a0\u00bb background_image_as_pattern=\u00a0\u00bbwithout_pattern\u00a0\u00bb z_index=\u00a0\u00bb\u00a0\u00bb el_class=\u00a0\u00bbpadding-fullwidth-row bg-img-top\u00a0\u00bb background_color=\u00a0\u00bb#000000&Prime;][vc_column offset=\u00a0\u00bbvc_col-lg-offset-3 vc_col-lg-6 vc_col-md-offset-2 vc_col-md-8&Prime;][vc_column_text css=\u00a0\u00bb\u00a0\u00bb el_class=\u00a0\u00bbtext-big white-text margin-top-text\u00a0\u00bb]<\/p>\n<h1>atelier de fabrication des moules<\/h1>\n<p>[\/vc_column_text][vc_empty_space height=\u00a0\u00bb50px\u00a0\u00bb][vc_column_text css=\u00a0\u00bb\u00a0\u00bb el_class=\u00a0\u00bbtext-small white-text\u00a0\u00bb]<\/p>\n<h2>\u00c9TAPE 3 \/ PRODUCTION DE TALONS, PLATEAUX, COMPENS\u00c9S ET PLATEFORMES \u00c9PAISSES<\/h2>\n<p>[\/vc_column_text][vc_empty_space height=\u00a0\u00bb30px\u00a0\u00bb][vc_column_text css=\u00a0\u00bb\u00a0\u00bb el_class=\u00a0\u00bbwhite-text\u00a0\u00bb]<\/p>\n<div class=\"flex-shrink-0 flex flex-col relative items-end\">\n<div>\n<div class=\"pt-0\">\n<div class=\"gizmo-bot-avatar flex h-8 w-8 items-center justify-center overflow-hidden rounded-full\">\n<h3 class=\"relative p-1 rounded-sm flex items-center justify-center bg-token-main-surface-primary text-token-text-primary h-8 w-8\"><strong>Nous produisons en interne les moules pour talons, garantissant efficacit\u00e9, qualit\u00e9 et rapidit\u00e9 de livraison \u00e0 nos clients. <\/strong><strong>Gr\u00e2ce \u00e0 l\u2019utilisation de technologies et de logiciels de pointe, nous r\u00e9alisons des moules dans des d\u00e9lais r\u00e9duits et avec la plus grande confidentialit\u00e9, en utilisant des plateformes CAM g\u00e9r\u00e9es par un personnel qualifi\u00e9.<\/strong><\/h3>\n<\/div>\n<\/div>\n<\/div>\n<\/div>\n<p>[\/vc_column_text][vc_empty_space height=\u00a0\u00bb150px\u00a0\u00bb el_class=\u00a0\u00bbemptyspace-bottom-title\u00a0\u00bb][vc_row_inner row_type=\u00a0\u00bbrow\u00a0\u00bb type=\u00a0\u00bbfull_width\u00a0\u00bb text_align=\u00a0\u00bbleft\u00a0\u00bb css_animation=\u00a0\u00bb\u00a0\u00bb][vc_column_inner offset=\u00a0\u00bbvc_hidden-md vc_hidden-sm vc_hidden-xs\u00a0\u00bb][vc_empty_space height=\u00a0\u00bb150px\u00a0\u00bb][\/vc_column_inner][\/vc_row_inner][\/vc_column][\/vc_row][vc_row css_animation=\u00a0\u00bb\u00a0\u00bb row_type=\u00a0\u00bbrow\u00a0\u00bb use_row_as_full_screen_section=\u00a0\u00bbno\u00a0\u00bb type=\u00a0\u00bbfull_width\u00a0\u00bb angled_section=\u00a0\u00bbno\u00a0\u00bb text_align=\u00a0\u00bbleft\u00a0\u00bb background_image_as_pattern=\u00a0\u00bbwithout_pattern\u00a0\u00bb z_index=\u00a0\u00bb\u00a0\u00bb background_image=\u00a0\u00bb412&Prime; el_class=\u00a0\u00bbpadding-fullwidth-row\u00a0\u00bb][vc_column][vc_empty_space height=\u00a0\u00bb0px\u00a0\u00bb el_class=\u00a0\u00bbemptyspace-medium\u00a0\u00bb][vc_row_inner row_type=\u00a0\u00bbrow\u00a0\u00bb type=\u00a0\u00bbfull_width\u00a0\u00bb text_align=\u00a0\u00bbleft\u00a0\u00bb css_animation=\u00a0\u00bb\u00a0\u00bb][vc_column_inner offset=\u00a0\u00bbvc_col-lg-offset-2 vc_col-lg-8 vc_col-md-2&Prime;][vc_column_text css=\u00a0\u00bb\u00a0\u00bb el_class=\u00a0\u00bbwhite-text\u00a0\u00bb]<\/p>\n<h3><strong>autres services de fourniture de talons<\/strong><\/h3>\n<p>[\/vc_column_text][vc_empty_space height=\u00a0\u00bb30px\u00a0\u00bb][vc_column_text css=\u00a0\u00bb\u00a0\u00bb el_class=\u00a0\u00bbtext-big white-text\u00a0\u00bb]<a href=\"https:\/\/italcompo.it\/fr\/services-de-production-de-talons\/departement-conception-3d\/\">conception 3D<\/a><br \/>\n<a href=\"https:\/\/italcompo.it\/fr\/services-de-production-de-talons\/modelisme-et-prototypes\/\">mod\u00e9lisme et prototypes<\/a><br \/>\n<a href=\"https:\/\/italcompo.it\/fr\/services-de-production-de-talons\/atelier-de-fabrication-des-moules\/\">atelier de fabrication des moules<\/a><br \/>\n<a href=\"https:\/\/italcompo.it\/fr\/services-de-production-de-talons\/moulage-des-talons\/\">moulage des talons<\/a><br \/>\n<a href=\"https:\/\/italcompo.it\/fr\/services-de-production-de-talons\/fraisage-des-talons\/\">fraisage des talons<\/a><br \/>\n<a href=\"https:\/\/italcompo.it\/fr\/services-de-production-de-talons\/finition-exterieure\/\">finition ext\u00e9rieure<\/a><br \/>\n<a href=\"https:\/\/italcompo.it\/fr\/services-de-production-de-talons\/controle-qualite\/\">contr\u00f4le qualit\u00e9<\/a>[\/vc_column_text][\/vc_column_inner][\/vc_row_inner][vc_empty_space height=\u00a0\u00bb0px\u00a0\u00bb el_class=\u00a0\u00bbemptyspace-big\u00a0\u00bb][\/vc_column][\/vc_row]<\/p>\n<\/div>","protected":false},"excerpt":{"rendered":"<p>[vc_row css_animation=\u00a0\u00bb\u00a0\u00bb row_type=\u00a0\u00bbrow\u00a0\u00bb use_row_as_full_screen_section=\u00a0\u00bbno\u00a0\u00bb type=\u00a0\u00bbfull_width\u00a0\u00bb angled_section=\u00a0\u00bbno\u00a0\u00bb text_align=\u00a0\u00bbleft\u00a0\u00bb background_image_as_pattern=\u00a0\u00bbwithout_pattern\u00a0\u00bb z_index=\u00a0\u00bb\u00a0\u00bb el_class=\u00a0\u00bbpadding-fullwidth-row bg-img-top\u00a0\u00bb background_color=\u00a0\u00bb#000000&Prime;][vc_column offset=\u00a0\u00bbvc_col-lg-offset-3 vc_col-lg-6 vc_col-md-offset-2 vc_col-md-8&Prime;][vc_column_text css=\u00a0\u00bb\u00a0\u00bb el_class=\u00a0\u00bbtext-big white-text margin-top-text\u00a0\u00bb] atelier de fabrication des moules [\/vc_column_text][vc_empty_space height=\u00a0\u00bb50px\u00a0\u00bb][vc_column_text css=\u00a0\u00bb\u00a0\u00bb el_class=\u00a0\u00bbtext-small white-text\u00a0\u00bb] \u00c9TAPE 3 \/ PRODUCTION DE TALONS, PLATEAUX, COMPENS\u00c9S ET PLATEFORMES \u00c9PAISSES [\/vc_column_text][vc_empty_space height=\u00a0\u00bb30px\u00a0\u00bb][vc_column_text css=\u00a0\u00bb\u00a0\u00bb el_class=\u00a0\u00bbwhite-text\u00a0\u00bb]&#8230;<\/p>\n","protected":false},"author":2,"featured_media":0,"parent":1838,"menu_order":0,"comment_status":"closed","ping_status":"closed","template":"full_width.php","meta":{"footnotes":""},"class_list":["post-1858","page","type-page","status-publish","hentry"],"yoast_head":"<!-- This site is optimized with the Yoast SEO plugin v25.6 - https:\/\/yoast.com\/wordpress\/plugins\/seo\/ -->\n<title>Atelier de Fabrication de Moules pour Talons sur Mesure- Italcompo<\/title>\n<meta name=\"description\" content=\"Production interne de moules pour talons sur mesure, nous garantissons efficacit\u00e9, qualit\u00e9 et rapidit\u00e9 de livraison \u00e0 nos clients.\" \/>\n<meta name=\"robots\" content=\"index, follow, max-snippet:-1, max-image-preview:large, max-video-preview:-1\" \/>\n<link rel=\"canonical\" href=\"https:\/\/italcompo.it\/fr\/services-de-production-de-talons\/atelier-de-fabrication-des-moules\/\" \/>\n<meta property=\"og:locale\" content=\"fr_FR\" \/>\n<meta property=\"og:type\" content=\"article\" \/>\n<meta property=\"og:title\" content=\"Atelier de Fabrication de Moules pour Talons sur Mesure- Italcompo\" \/>\n<meta property=\"og:description\" content=\"Production interne de moules pour talons sur mesure, nous garantissons efficacit\u00e9, qualit\u00e9 et rapidit\u00e9 de livraison \u00e0 nos clients.\" \/>\n<meta property=\"og:url\" content=\"https:\/\/italcompo.it\/fr\/services-de-production-de-talons\/atelier-de-fabrication-des-moules\/\" \/>\n<meta property=\"og:site_name\" content=\"Italcompo\" \/>\n<meta property=\"article:publisher\" content=\"https:\/\/www.facebook.com\/italcompo?locale=it_IT\" \/>\n<meta property=\"article:modified_time\" content=\"2025-01-08T08:06:20+00:00\" \/>\n<meta name=\"twitter:card\" content=\"summary_large_image\" \/>\n<meta name=\"twitter:label1\" content=\"Dur\u00e9e de lecture estim\u00e9e\" \/>\n\t<meta name=\"twitter:data1\" content=\"2 minutes\" \/>\n<script type=\"application\/ld+json\" class=\"yoast-schema-graph\">{\"@context\":\"https:\/\/schema.org\",\"@graph\":[{\"@type\":\"WebPage\",\"@id\":\"https:\/\/italcompo.it\/fr\/services-de-production-de-talons\/atelier-de-fabrication-des-moules\/\",\"url\":\"https:\/\/italcompo.it\/fr\/services-de-production-de-talons\/atelier-de-fabrication-des-moules\/\",\"name\":\"Atelier de Fabrication de Moules pour Talons sur Mesure- Italcompo\",\"isPartOf\":{\"@id\":\"https:\/\/italcompo.it\/fr\/#website\"},\"datePublished\":\"2024-06-28T12:21:26+00:00\",\"dateModified\":\"2025-01-08T08:06:20+00:00\",\"description\":\"Production interne de moules pour talons sur mesure, nous garantissons efficacit\u00e9, qualit\u00e9 et rapidit\u00e9 de livraison \u00e0 nos clients.\",\"breadcrumb\":{\"@id\":\"https:\/\/italcompo.it\/fr\/services-de-production-de-talons\/atelier-de-fabrication-des-moules\/#breadcrumb\"},\"inLanguage\":\"fr-FR\",\"potentialAction\":[{\"@type\":\"ReadAction\",\"target\":[\"https:\/\/italcompo.it\/fr\/services-de-production-de-talons\/atelier-de-fabrication-des-moules\/\"]}]},{\"@type\":\"BreadcrumbList\",\"@id\":\"https:\/\/italcompo.it\/fr\/services-de-production-de-talons\/atelier-de-fabrication-des-moules\/#breadcrumb\",\"itemListElement\":[{\"@type\":\"ListItem\",\"position\":1,\"name\":\"Home\",\"item\":\"https:\/\/italcompo.it\/fr\/\"},{\"@type\":\"ListItem\",\"position\":2,\"name\":\"Services\",\"item\":\"https:\/\/italcompo.it\/fr\/services-de-production-de-talons\/\"},{\"@type\":\"ListItem\",\"position\":3,\"name\":\"Atelier de fabrication des moules\"}]},{\"@type\":\"WebSite\",\"@id\":\"https:\/\/italcompo.it\/fr\/#website\",\"url\":\"https:\/\/italcompo.it\/fr\/\",\"name\":\"Italcompo\",\"description\":\"tacchificio per l&#039;alta moda\",\"publisher\":{\"@id\":\"https:\/\/italcompo.it\/fr\/#organization\"},\"potentialAction\":[{\"@type\":\"SearchAction\",\"target\":{\"@type\":\"EntryPoint\",\"urlTemplate\":\"https:\/\/italcompo.it\/fr\/?s={search_term_string}\"},\"query-input\":{\"@type\":\"PropertyValueSpecification\",\"valueRequired\":true,\"valueName\":\"search_term_string\"}}],\"inLanguage\":\"fr-FR\"},{\"@type\":\"Organization\",\"@id\":\"https:\/\/italcompo.it\/fr\/#organization\",\"name\":\"Italcompo Srl\",\"url\":\"https:\/\/italcompo.it\/fr\/\",\"logo\":{\"@type\":\"ImageObject\",\"inLanguage\":\"fr-FR\",\"@id\":\"https:\/\/italcompo.it\/fr\/#\/schema\/logo\/image\/\",\"url\":\"https:\/\/italcompo.it\/wp-content\/uploads\/2024\/07\/logo-italcompo-header.svg\",\"contentUrl\":\"https:\/\/italcompo.it\/wp-content\/uploads\/2024\/07\/logo-italcompo-header.svg\",\"width\":240,\"height\":95,\"caption\":\"Italcompo Srl\"},\"image\":{\"@id\":\"https:\/\/italcompo.it\/fr\/#\/schema\/logo\/image\/\"},\"sameAs\":[\"https:\/\/www.facebook.com\/italcompo?locale=it_IT\",\"https:\/\/www.instagram.com\/italcompo_srl\/\",\"https:\/\/www.youtube.com\/@Italcompo\",\"https:\/\/www.linkedin.com\/company\/italcompo\/\"]}]}<\/script>\n<!-- \/ Yoast SEO plugin. -->","yoast_head_json":{"title":"Atelier de Fabrication de Moules pour Talons sur Mesure- Italcompo","description":"Production interne de moules pour talons sur mesure, nous garantissons efficacit\u00e9, qualit\u00e9 et rapidit\u00e9 de livraison \u00e0 nos clients.","robots":{"index":"index","follow":"follow","max-snippet":"max-snippet:-1","max-image-preview":"max-image-preview:large","max-video-preview":"max-video-preview:-1"},"canonical":"https:\/\/italcompo.it\/fr\/services-de-production-de-talons\/atelier-de-fabrication-des-moules\/","og_locale":"fr_FR","og_type":"article","og_title":"Atelier de Fabrication de Moules pour Talons sur Mesure- Italcompo","og_description":"Production interne de moules pour talons sur mesure, nous garantissons efficacit\u00e9, qualit\u00e9 et rapidit\u00e9 de livraison \u00e0 nos clients.","og_url":"https:\/\/italcompo.it\/fr\/services-de-production-de-talons\/atelier-de-fabrication-des-moules\/","og_site_name":"Italcompo","article_publisher":"https:\/\/www.facebook.com\/italcompo?locale=it_IT","article_modified_time":"2025-01-08T08:06:20+00:00","twitter_card":"summary_large_image","twitter_misc":{"Dur\u00e9e de lecture estim\u00e9e":"2 minutes"},"schema":{"@context":"https:\/\/schema.org","@graph":[{"@type":"WebPage","@id":"https:\/\/italcompo.it\/fr\/services-de-production-de-talons\/atelier-de-fabrication-des-moules\/","url":"https:\/\/italcompo.it\/fr\/services-de-production-de-talons\/atelier-de-fabrication-des-moules\/","name":"Atelier de Fabrication de Moules pour Talons sur Mesure- Italcompo","isPartOf":{"@id":"https:\/\/italcompo.it\/fr\/#website"},"datePublished":"2024-06-28T12:21:26+00:00","dateModified":"2025-01-08T08:06:20+00:00","description":"Production interne de moules pour talons sur mesure, nous garantissons efficacit\u00e9, qualit\u00e9 et rapidit\u00e9 de livraison \u00e0 nos clients.","breadcrumb":{"@id":"https:\/\/italcompo.it\/fr\/services-de-production-de-talons\/atelier-de-fabrication-des-moules\/#breadcrumb"},"inLanguage":"fr-FR","potentialAction":[{"@type":"ReadAction","target":["https:\/\/italcompo.it\/fr\/services-de-production-de-talons\/atelier-de-fabrication-des-moules\/"]}]},{"@type":"BreadcrumbList","@id":"https:\/\/italcompo.it\/fr\/services-de-production-de-talons\/atelier-de-fabrication-des-moules\/#breadcrumb","itemListElement":[{"@type":"ListItem","position":1,"name":"Home","item":"https:\/\/italcompo.it\/fr\/"},{"@type":"ListItem","position":2,"name":"Services","item":"https:\/\/italcompo.it\/fr\/services-de-production-de-talons\/"},{"@type":"ListItem","position":3,"name":"Atelier de fabrication des moules"}]},{"@type":"WebSite","@id":"https:\/\/italcompo.it\/fr\/#website","url":"https:\/\/italcompo.it\/fr\/","name":"Italcompo","description":"tacchificio per l&#039;alta moda","publisher":{"@id":"https:\/\/italcompo.it\/fr\/#organization"},"potentialAction":[{"@type":"SearchAction","target":{"@type":"EntryPoint","urlTemplate":"https:\/\/italcompo.it\/fr\/?s={search_term_string}"},"query-input":{"@type":"PropertyValueSpecification","valueRequired":true,"valueName":"search_term_string"}}],"inLanguage":"fr-FR"},{"@type":"Organization","@id":"https:\/\/italcompo.it\/fr\/#organization","name":"Italcompo Srl","url":"https:\/\/italcompo.it\/fr\/","logo":{"@type":"ImageObject","inLanguage":"fr-FR","@id":"https:\/\/italcompo.it\/fr\/#\/schema\/logo\/image\/","url":"https:\/\/italcompo.it\/wp-content\/uploads\/2024\/07\/logo-italcompo-header.svg","contentUrl":"https:\/\/italcompo.it\/wp-content\/uploads\/2024\/07\/logo-italcompo-header.svg","width":240,"height":95,"caption":"Italcompo Srl"},"image":{"@id":"https:\/\/italcompo.it\/fr\/#\/schema\/logo\/image\/"},"sameAs":["https:\/\/www.facebook.com\/italcompo?locale=it_IT","https:\/\/www.instagram.com\/italcompo_srl\/","https:\/\/www.youtube.com\/@Italcompo","https:\/\/www.linkedin.com\/company\/italcompo\/"]}]}},"_links":{"self":[{"href":"https:\/\/italcompo.it\/fr\/wp-json\/wp\/v2\/pages\/1858","targetHints":{"allow":["GET"]}}],"collection":[{"href":"https:\/\/italcompo.it\/fr\/wp-json\/wp\/v2\/pages"}],"about":[{"href":"https:\/\/italcompo.it\/fr\/wp-json\/wp\/v2\/types\/page"}],"author":[{"embeddable":true,"href":"https:\/\/italcompo.it\/fr\/wp-json\/wp\/v2\/users\/2"}],"replies":[{"embeddable":true,"href":"https:\/\/italcompo.it\/fr\/wp-json\/wp\/v2\/comments?post=1858"}],"version-history":[{"count":0,"href":"https:\/\/italcompo.it\/fr\/wp-json\/wp\/v2\/pages\/1858\/revisions"}],"up":[{"embeddable":true,"href":"https:\/\/italcompo.it\/fr\/wp-json\/wp\/v2\/pages\/1838"}],"wp:attachment":[{"href":"https:\/\/italcompo.it\/fr\/wp-json\/wp\/v2\/media?parent=1858"}],"curies":[{"name":"wp","href":"https:\/\/api.w.org\/{rel}","templated":true}]}}