{"id":1855,"date":"2024-06-28T14:21:10","date_gmt":"2024-06-28T12:21:10","guid":{"rendered":"https:\/\/italcompo.it\/services-de-production-de-talons\/modelleria-e-prototipi\/"},"modified":"2025-01-07T16:53:53","modified_gmt":"2025-01-07T15:53:53","slug":"modelisme-et-prototypes","status":"publish","type":"page","link":"https:\/\/italcompo.it\/fr\/services-de-production-de-talons\/modelisme-et-prototypes\/","title":{"rendered":"Mod\u00e9lisme et prototypes"},"content":{"rendered":"<div class=\"wpb-content-wrapper\"><p>[vc_row css_animation=\u00a0\u00bb\u00a0\u00bb row_type=\u00a0\u00bbrow\u00a0\u00bb use_row_as_full_screen_section=\u00a0\u00bbno\u00a0\u00bb type=\u00a0\u00bbfull_width\u00a0\u00bb angled_section=\u00a0\u00bbno\u00a0\u00bb text_align=\u00a0\u00bbleft\u00a0\u00bb background_image_as_pattern=\u00a0\u00bbwithout_pattern\u00a0\u00bb z_index=\u00a0\u00bb\u00a0\u00bb el_class=\u00a0\u00bbpadding-fullwidth-row bg-img-top\u00a0\u00bb background_color=\u00a0\u00bb#000000&Prime;][vc_column offset=\u00a0\u00bbvc_col-lg-offset-3 vc_col-lg-6 vc_col-md-offset-2 vc_col-md-8&Prime;][vc_column_text css=\u00a0\u00bb\u00a0\u00bb el_class=\u00a0\u00bbtext-big white-text margin-top-text\u00a0\u00bb]<\/p>\n<h1>mod\u00e9lisme et prototypes<\/h1>\n<p>[\/vc_column_text][vc_empty_space height=\u00a0\u00bb50px\u00a0\u00bb][vc_column_text css=\u00a0\u00bb\u00a0\u00bb el_class=\u00a0\u00bbtext-small white-text\u00a0\u00bb]<\/p>\n<div class=\"flex-shrink-0 flex flex-col relative items-end\">\n<div>\n<div class=\"pt-0\">\n<div class=\"gizmo-bot-avatar flex h-8 w-8 items-center justify-center overflow-hidden rounded-full\">\n<h2 class=\"relative p-1 rounded-sm flex items-center justify-center bg-token-main-surface-primary text-token-text-primary h-8 w-8\"><strong>\u00c9TAPE 2 \/ PRODUCTION DE TALONS, PLATEAUX, COMPENS\u00c9S ET PLATEFORMES \u00c9PAISSES<\/strong><\/h2>\n<\/div>\n<\/div>\n<\/div>\n<\/div>\n<p>[\/vc_column_text][vc_empty_space height=\u00a0\u00bb30px\u00a0\u00bb][vc_column_text css=\u00a0\u00bb\u00a0\u00bb el_class=\u00a0\u00bbwhite-text\u00a0\u00bb]<\/p>\n<h3><strong>Dans l\u2019atelier de mod\u00e9lisme, les id\u00e9es prennent forme : ici, tradition et technologies innovantes sont au service de la cr\u00e9ativit\u00e9 des stylistes qui font confiance \u00e0 notre fabrique de talons. <\/strong><strong>\u00c0 partir d\u2019un dessin, nos techniciens exp\u00e9riment\u00e9s donnent vie au prototype, que ce soit \u00e0 la main ou \u00e0 l\u2019aide de logiciels CAD.<\/strong><\/h3>\n<p>[\/vc_column_text][vc_empty_space height=\u00a0\u00bb15px\u00a0\u00bb][vc_column_text css=\u00a0\u00bb\u00a0\u00bb el_class=\u00a0\u00bbwhite-text\u00a0\u00bb]Nous nous engageons constamment \u00e0 am\u00e9liorer la qualit\u00e9 de nos proc\u00e9d\u00e9s et des mat\u00e9riaux utilis\u00e9s pour nos prototypes, afin qu\u2019ils se rapprochent le plus possible de l\u2019id\u00e9e des stylistes qui nous font confiance.[\/vc_column_text][vc_empty_space height=\u00a0\u00bb150px\u00a0\u00bb el_class=\u00a0\u00bbemptyspace-bottom-title\u00a0\u00bb][vc_row_inner row_type=\u00a0\u00bbrow\u00a0\u00bb type=\u00a0\u00bbfull_width\u00a0\u00bb text_align=\u00a0\u00bbleft\u00a0\u00bb css_animation=\u00a0\u00bb\u00a0\u00bb][vc_column_inner offset=\u00a0\u00bbvc_hidden-md vc_hidden-sm vc_hidden-xs\u00a0\u00bb][vc_empty_space height=\u00a0\u00bb150px\u00a0\u00bb][\/vc_column_inner][\/vc_row_inner][\/vc_column][\/vc_row][vc_row css_animation=\u00a0\u00bb\u00a0\u00bb row_type=\u00a0\u00bbrow\u00a0\u00bb use_row_as_full_screen_section=\u00a0\u00bbno\u00a0\u00bb type=\u00a0\u00bbfull_width\u00a0\u00bb angled_section=\u00a0\u00bbno\u00a0\u00bb text_align=\u00a0\u00bbleft\u00a0\u00bb background_image_as_pattern=\u00a0\u00bbwithout_pattern\u00a0\u00bb z_index=\u00a0\u00bb\u00a0\u00bb background_image=\u00a0\u00bb412&Prime; el_class=\u00a0\u00bbpadding-fullwidth-row\u00a0\u00bb][vc_column][vc_empty_space height=\u00a0\u00bb0px\u00a0\u00bb el_class=\u00a0\u00bbemptyspace-medium\u00a0\u00bb][vc_row_inner row_type=\u00a0\u00bbrow\u00a0\u00bb type=\u00a0\u00bbfull_width\u00a0\u00bb text_align=\u00a0\u00bbleft\u00a0\u00bb css_animation=\u00a0\u00bb\u00a0\u00bb][vc_column_inner offset=\u00a0\u00bbvc_col-lg-offset-2 vc_col-lg-8 vc_col-md-2&Prime;][vc_column_text css=\u00a0\u00bb\u00a0\u00bb el_class=\u00a0\u00bbwhite-text\u00a0\u00bb]<\/p>\n<div class=\"flex-shrink-0 flex flex-col relative items-end\">\n<div>\n<div class=\"pt-0\">\n<div class=\"gizmo-bot-avatar flex h-8 w-8 items-center justify-center overflow-hidden rounded-full\">\n<h3 class=\"relative p-1 rounded-sm flex items-center justify-center bg-token-main-surface-primary text-token-text-primary h-8 w-8\"><strong>autres services de fourniture de talons<\/strong><\/h3>\n<\/div>\n<\/div>\n<\/div>\n<\/div>\n<p>[\/vc_column_text][vc_empty_space height=\u00a0\u00bb30px\u00a0\u00bb][vc_column_text css=\u00a0\u00bb\u00a0\u00bb el_class=\u00a0\u00bbtext-big white-text\u00a0\u00bb]<a href=\"https:\/\/italcompo.it\/fr\/services-de-production-de-talons\/departement-conception-3d\/\">conception 3D<\/a><br \/>\n<a href=\"https:\/\/italcompo.it\/fr\/services-de-production-de-talons\/modelisme-et-prototypes\/\">mod\u00e9lisme et prototypes<\/a><br \/>\n<a href=\"https:\/\/italcompo.it\/fr\/services-de-production-de-talons\/atelier-de-fabrication-des-moules\/\">atelier de fabrication des moules<\/a><br \/>\n<a href=\"https:\/\/italcompo.it\/fr\/services-de-production-de-talons\/moulage-des-talons\/\">moulage des talons<\/a><br \/>\n<a href=\"https:\/\/italcompo.it\/fr\/services-de-production-de-talons\/fraisage-des-talons\/\">fraisage des talons<\/a><br \/>\n<a href=\"https:\/\/italcompo.it\/fr\/services-de-production-de-talons\/finition-exterieure\/\">finition ext\u00e9rieure<\/a><br \/>\n<a href=\"https:\/\/italcompo.it\/fr\/services-de-production-de-talons\/controle-qualite\/\">contr\u00f4le qualit\u00e9<\/a>[\/vc_column_text][\/vc_column_inner][\/vc_row_inner][vc_empty_space height=\u00a0\u00bb0px\u00a0\u00bb el_class=\u00a0\u00bbemptyspace-big\u00a0\u00bb][\/vc_column][\/vc_row]<\/p>\n<\/div>","protected":false},"excerpt":{"rendered":"<p>[vc_row css_animation=\u00a0\u00bb\u00a0\u00bb row_type=\u00a0\u00bbrow\u00a0\u00bb use_row_as_full_screen_section=\u00a0\u00bbno\u00a0\u00bb type=\u00a0\u00bbfull_width\u00a0\u00bb angled_section=\u00a0\u00bbno\u00a0\u00bb text_align=\u00a0\u00bbleft\u00a0\u00bb background_image_as_pattern=\u00a0\u00bbwithout_pattern\u00a0\u00bb z_index=\u00a0\u00bb\u00a0\u00bb el_class=\u00a0\u00bbpadding-fullwidth-row bg-img-top\u00a0\u00bb background_color=\u00a0\u00bb#000000&Prime;][vc_column offset=\u00a0\u00bbvc_col-lg-offset-3 vc_col-lg-6 vc_col-md-offset-2 vc_col-md-8&Prime;][vc_column_text css=\u00a0\u00bb\u00a0\u00bb el_class=\u00a0\u00bbtext-big white-text margin-top-text\u00a0\u00bb] mod\u00e9lisme et prototypes [\/vc_column_text][vc_empty_space height=\u00a0\u00bb50px\u00a0\u00bb][vc_column_text css=\u00a0\u00bb\u00a0\u00bb el_class=\u00a0\u00bbtext-small white-text\u00a0\u00bb] \u00c9TAPE 2 \/ PRODUCTION DE TALONS, PLATEAUX, COMPENS\u00c9S ET PLATEFORMES \u00c9PAISSES [\/vc_column_text][vc_empty_space height=\u00a0\u00bb30px\u00a0\u00bb][vc_column_text css=\u00a0\u00bb\u00a0\u00bb el_class=\u00a0\u00bbwhite-text\u00a0\u00bb] Dans l\u2019atelier&#8230;<\/p>\n","protected":false},"author":2,"featured_media":0,"parent":1838,"menu_order":0,"comment_status":"closed","ping_status":"closed","template":"full_width.php","meta":{"footnotes":""},"class_list":["post-1855","page","type-page","status-publish","hentry"],"yoast_head":"<!-- This site is optimized with the Yoast SEO plugin v25.6 - https:\/\/yoast.com\/wordpress\/plugins\/seo\/ -->\n<title>Mod\u00e9lisme et Prototypes de Talons sur Mesure<\/title>\n<meta name=\"description\" content=\"\u00c0 partir d\u2019un dessin, nos techniciens exp\u00e9riment\u00e9s donnent vie \u00e0 des prototypes de talons sur mesure, \u00e0 la main ou \u00e0 l\u2019aide de logiciels CAD. D\u00e9couvrez notre fabrique de talons.\" \/>\n<meta name=\"robots\" content=\"index, follow, max-snippet:-1, max-image-preview:large, max-video-preview:-1\" \/>\n<link rel=\"canonical\" href=\"https:\/\/italcompo.it\/fr\/services-de-production-de-talons\/modelisme-et-prototypes\/\" \/>\n<meta property=\"og:locale\" content=\"fr_FR\" \/>\n<meta property=\"og:type\" content=\"article\" \/>\n<meta property=\"og:title\" content=\"Mod\u00e9lisme et Prototypes de Talons sur Mesure\" \/>\n<meta property=\"og:description\" content=\"\u00c0 partir d\u2019un dessin, nos techniciens exp\u00e9riment\u00e9s donnent vie \u00e0 des prototypes de talons sur mesure, \u00e0 la main ou \u00e0 l\u2019aide de logiciels CAD. D\u00e9couvrez notre fabrique de talons.\" \/>\n<meta property=\"og:url\" content=\"https:\/\/italcompo.it\/fr\/services-de-production-de-talons\/modelisme-et-prototypes\/\" \/>\n<meta property=\"og:site_name\" content=\"Italcompo\" \/>\n<meta property=\"article:publisher\" content=\"https:\/\/www.facebook.com\/italcompo?locale=it_IT\" \/>\n<meta property=\"article:modified_time\" content=\"2025-01-07T15:53:53+00:00\" \/>\n<meta name=\"twitter:card\" content=\"summary_large_image\" \/>\n<meta name=\"twitter:label1\" content=\"Dur\u00e9e de lecture estim\u00e9e\" \/>\n\t<meta name=\"twitter:data1\" content=\"2 minutes\" \/>\n<script type=\"application\/ld+json\" class=\"yoast-schema-graph\">{\"@context\":\"https:\/\/schema.org\",\"@graph\":[{\"@type\":\"WebPage\",\"@id\":\"https:\/\/italcompo.it\/fr\/services-de-production-de-talons\/modelisme-et-prototypes\/\",\"url\":\"https:\/\/italcompo.it\/fr\/services-de-production-de-talons\/modelisme-et-prototypes\/\",\"name\":\"Mod\u00e9lisme et Prototypes de Talons sur Mesure\",\"isPartOf\":{\"@id\":\"https:\/\/italcompo.it\/fr\/#website\"},\"datePublished\":\"2024-06-28T12:21:10+00:00\",\"dateModified\":\"2025-01-07T15:53:53+00:00\",\"description\":\"\u00c0 partir d\u2019un dessin, nos techniciens exp\u00e9riment\u00e9s donnent vie \u00e0 des prototypes de talons sur mesure, \u00e0 la main ou \u00e0 l\u2019aide de logiciels CAD. D\u00e9couvrez notre fabrique de talons.\",\"breadcrumb\":{\"@id\":\"https:\/\/italcompo.it\/fr\/services-de-production-de-talons\/modelisme-et-prototypes\/#breadcrumb\"},\"inLanguage\":\"fr-FR\",\"potentialAction\":[{\"@type\":\"ReadAction\",\"target\":[\"https:\/\/italcompo.it\/fr\/services-de-production-de-talons\/modelisme-et-prototypes\/\"]}]},{\"@type\":\"BreadcrumbList\",\"@id\":\"https:\/\/italcompo.it\/fr\/services-de-production-de-talons\/modelisme-et-prototypes\/#breadcrumb\",\"itemListElement\":[{\"@type\":\"ListItem\",\"position\":1,\"name\":\"Home\",\"item\":\"https:\/\/italcompo.it\/fr\/\"},{\"@type\":\"ListItem\",\"position\":2,\"name\":\"Services\",\"item\":\"https:\/\/italcompo.it\/fr\/services-de-production-de-talons\/\"},{\"@type\":\"ListItem\",\"position\":3,\"name\":\"Mod\u00e9lisme et prototypes\"}]},{\"@type\":\"WebSite\",\"@id\":\"https:\/\/italcompo.it\/fr\/#website\",\"url\":\"https:\/\/italcompo.it\/fr\/\",\"name\":\"Italcompo\",\"description\":\"tacchificio per l&#039;alta moda\",\"publisher\":{\"@id\":\"https:\/\/italcompo.it\/fr\/#organization\"},\"potentialAction\":[{\"@type\":\"SearchAction\",\"target\":{\"@type\":\"EntryPoint\",\"urlTemplate\":\"https:\/\/italcompo.it\/fr\/?s={search_term_string}\"},\"query-input\":{\"@type\":\"PropertyValueSpecification\",\"valueRequired\":true,\"valueName\":\"search_term_string\"}}],\"inLanguage\":\"fr-FR\"},{\"@type\":\"Organization\",\"@id\":\"https:\/\/italcompo.it\/fr\/#organization\",\"name\":\"Italcompo Srl\",\"url\":\"https:\/\/italcompo.it\/fr\/\",\"logo\":{\"@type\":\"ImageObject\",\"inLanguage\":\"fr-FR\",\"@id\":\"https:\/\/italcompo.it\/fr\/#\/schema\/logo\/image\/\",\"url\":\"https:\/\/italcompo.it\/wp-content\/uploads\/2024\/07\/logo-italcompo-header.svg\",\"contentUrl\":\"https:\/\/italcompo.it\/wp-content\/uploads\/2024\/07\/logo-italcompo-header.svg\",\"width\":240,\"height\":95,\"caption\":\"Italcompo Srl\"},\"image\":{\"@id\":\"https:\/\/italcompo.it\/fr\/#\/schema\/logo\/image\/\"},\"sameAs\":[\"https:\/\/www.facebook.com\/italcompo?locale=it_IT\",\"https:\/\/www.instagram.com\/italcompo_srl\/\",\"https:\/\/www.youtube.com\/@Italcompo\",\"https:\/\/www.linkedin.com\/company\/italcompo\/\"]}]}<\/script>\n<!-- \/ Yoast SEO plugin. -->","yoast_head_json":{"title":"Mod\u00e9lisme et Prototypes de Talons sur Mesure","description":"\u00c0 partir d\u2019un dessin, nos techniciens exp\u00e9riment\u00e9s donnent vie \u00e0 des prototypes de talons sur mesure, \u00e0 la main ou \u00e0 l\u2019aide de logiciels CAD. D\u00e9couvrez notre fabrique de talons.","robots":{"index":"index","follow":"follow","max-snippet":"max-snippet:-1","max-image-preview":"max-image-preview:large","max-video-preview":"max-video-preview:-1"},"canonical":"https:\/\/italcompo.it\/fr\/services-de-production-de-talons\/modelisme-et-prototypes\/","og_locale":"fr_FR","og_type":"article","og_title":"Mod\u00e9lisme et Prototypes de Talons sur Mesure","og_description":"\u00c0 partir d\u2019un dessin, nos techniciens exp\u00e9riment\u00e9s donnent vie \u00e0 des prototypes de talons sur mesure, \u00e0 la main ou \u00e0 l\u2019aide de logiciels CAD. D\u00e9couvrez notre fabrique de talons.","og_url":"https:\/\/italcompo.it\/fr\/services-de-production-de-talons\/modelisme-et-prototypes\/","og_site_name":"Italcompo","article_publisher":"https:\/\/www.facebook.com\/italcompo?locale=it_IT","article_modified_time":"2025-01-07T15:53:53+00:00","twitter_card":"summary_large_image","twitter_misc":{"Dur\u00e9e de lecture estim\u00e9e":"2 minutes"},"schema":{"@context":"https:\/\/schema.org","@graph":[{"@type":"WebPage","@id":"https:\/\/italcompo.it\/fr\/services-de-production-de-talons\/modelisme-et-prototypes\/","url":"https:\/\/italcompo.it\/fr\/services-de-production-de-talons\/modelisme-et-prototypes\/","name":"Mod\u00e9lisme et Prototypes de Talons sur Mesure","isPartOf":{"@id":"https:\/\/italcompo.it\/fr\/#website"},"datePublished":"2024-06-28T12:21:10+00:00","dateModified":"2025-01-07T15:53:53+00:00","description":"\u00c0 partir d\u2019un dessin, nos techniciens exp\u00e9riment\u00e9s donnent vie \u00e0 des prototypes de talons sur mesure, \u00e0 la main ou \u00e0 l\u2019aide de logiciels CAD. D\u00e9couvrez notre fabrique de talons.","breadcrumb":{"@id":"https:\/\/italcompo.it\/fr\/services-de-production-de-talons\/modelisme-et-prototypes\/#breadcrumb"},"inLanguage":"fr-FR","potentialAction":[{"@type":"ReadAction","target":["https:\/\/italcompo.it\/fr\/services-de-production-de-talons\/modelisme-et-prototypes\/"]}]},{"@type":"BreadcrumbList","@id":"https:\/\/italcompo.it\/fr\/services-de-production-de-talons\/modelisme-et-prototypes\/#breadcrumb","itemListElement":[{"@type":"ListItem","position":1,"name":"Home","item":"https:\/\/italcompo.it\/fr\/"},{"@type":"ListItem","position":2,"name":"Services","item":"https:\/\/italcompo.it\/fr\/services-de-production-de-talons\/"},{"@type":"ListItem","position":3,"name":"Mod\u00e9lisme et prototypes"}]},{"@type":"WebSite","@id":"https:\/\/italcompo.it\/fr\/#website","url":"https:\/\/italcompo.it\/fr\/","name":"Italcompo","description":"tacchificio per l&#039;alta moda","publisher":{"@id":"https:\/\/italcompo.it\/fr\/#organization"},"potentialAction":[{"@type":"SearchAction","target":{"@type":"EntryPoint","urlTemplate":"https:\/\/italcompo.it\/fr\/?s={search_term_string}"},"query-input":{"@type":"PropertyValueSpecification","valueRequired":true,"valueName":"search_term_string"}}],"inLanguage":"fr-FR"},{"@type":"Organization","@id":"https:\/\/italcompo.it\/fr\/#organization","name":"Italcompo Srl","url":"https:\/\/italcompo.it\/fr\/","logo":{"@type":"ImageObject","inLanguage":"fr-FR","@id":"https:\/\/italcompo.it\/fr\/#\/schema\/logo\/image\/","url":"https:\/\/italcompo.it\/wp-content\/uploads\/2024\/07\/logo-italcompo-header.svg","contentUrl":"https:\/\/italcompo.it\/wp-content\/uploads\/2024\/07\/logo-italcompo-header.svg","width":240,"height":95,"caption":"Italcompo Srl"},"image":{"@id":"https:\/\/italcompo.it\/fr\/#\/schema\/logo\/image\/"},"sameAs":["https:\/\/www.facebook.com\/italcompo?locale=it_IT","https:\/\/www.instagram.com\/italcompo_srl\/","https:\/\/www.youtube.com\/@Italcompo","https:\/\/www.linkedin.com\/company\/italcompo\/"]}]}},"_links":{"self":[{"href":"https:\/\/italcompo.it\/fr\/wp-json\/wp\/v2\/pages\/1855","targetHints":{"allow":["GET"]}}],"collection":[{"href":"https:\/\/italcompo.it\/fr\/wp-json\/wp\/v2\/pages"}],"about":[{"href":"https:\/\/italcompo.it\/fr\/wp-json\/wp\/v2\/types\/page"}],"author":[{"embeddable":true,"href":"https:\/\/italcompo.it\/fr\/wp-json\/wp\/v2\/users\/2"}],"replies":[{"embeddable":true,"href":"https:\/\/italcompo.it\/fr\/wp-json\/wp\/v2\/comments?post=1855"}],"version-history":[{"count":0,"href":"https:\/\/italcompo.it\/fr\/wp-json\/wp\/v2\/pages\/1855\/revisions"}],"up":[{"embeddable":true,"href":"https:\/\/italcompo.it\/fr\/wp-json\/wp\/v2\/pages\/1838"}],"wp:attachment":[{"href":"https:\/\/italcompo.it\/fr\/wp-json\/wp\/v2\/media?parent=1855"}],"curies":[{"name":"wp","href":"https:\/\/api.w.org\/{rel}","templated":true}]}}