{"id":1810,"date":"2024-06-28T14:45:13","date_gmt":"2024-06-28T12:45:13","guid":{"rendered":"https:\/\/italcompo.it\/profil\/certificazioni-di-qualita-e-produzione\/"},"modified":"2025-01-02T18:09:19","modified_gmt":"2025-01-02T17:09:19","slug":"certifications-de-qualite-et-de-production","status":"publish","type":"page","link":"https:\/\/italcompo.it\/fr\/profil\/certifications-de-qualite-et-de-production\/","title":{"rendered":"Certifications"},"content":{"rendered":"<div class=\"wpb-content-wrapper\"><p>[vc_row css_animation=\u00a0\u00bb\u00a0\u00bb row_type=\u00a0\u00bbrow\u00a0\u00bb use_row_as_full_screen_section=\u00a0\u00bbno\u00a0\u00bb type=\u00a0\u00bbfull_width\u00a0\u00bb angled_section=\u00a0\u00bbno\u00a0\u00bb text_align=\u00a0\u00bbcenter\u00a0\u00bb background_image_as_pattern=\u00a0\u00bbwithout_pattern\u00a0\u00bb z_index=\u00a0\u00bb\u00a0\u00bb][vc_column width=\u00a0\u00bb7\/12&Prime; offset=\u00a0\u00bbvc_col-lg-offset-0 vc_col-lg-12 vc_col-md-offset-6 vc_col-md-6 vc_col-sm-offset-5 vc_col-xs-offset-4 vc_col-xs-8&Prime;][vc_single_image image=\u00a0\u00bb1146&Prime; img_size=\u00a0\u00bb1445 x 2000&Prime; alignment=\u00a0\u00bbright\u00a0\u00bb css=\u00a0\u00bb\u00a0\u00bb qode_css_animation=\u00a0\u00bb\u00a0\u00bb el_class=\u00a0\u00bbnot-display-desktop\u00a0\u00bb][\/vc_column][\/vc_row][vc_row css_animation=\u00a0\u00bb\u00a0\u00bb row_type=\u00a0\u00bbrow\u00a0\u00bb use_row_as_full_screen_section=\u00a0\u00bbno\u00a0\u00bb type=\u00a0\u00bbfull_width\u00a0\u00bb angled_section=\u00a0\u00bbno\u00a0\u00bb text_align=\u00a0\u00bbleft\u00a0\u00bb background_image_as_pattern=\u00a0\u00bbwithout_pattern\u00a0\u00bb el_class=\u00a0\u00bbpadding-fullwidth-row-left\u00a0\u00bb z_index=\u00a0\u00bb\u00a0\u00bb][vc_column][qode_elements_holder number_of_columns=\u00a0\u00bbtwo_columns\u00a0\u00bb columns_proportion=\u00a0\u00bb66_33&Prime;][qode_elements_holder_item vertical_alignment=\u00a0\u00bbmiddle\u00a0\u00bb horizontal_alignment=\u00a0\u00bbleft\u00a0\u00bb advanced_animations=\u00a0\u00bbno\u00a0\u00bb][vc_column_text css=\u00a0\u00bb\u00a0\u00bb el_class=\u00a0\u00bbtext-big\u00a0\u00bb]<\/p>\n<div class=\"flex-shrink-0 flex flex-col relative items-end\">\n<div>\n<div class=\"pt-0\">\n<div class=\"gizmo-bot-avatar flex h-8 w-8 items-center justify-center overflow-hidden rounded-full\">\n<div class=\"relative p-1 rounded-sm flex items-center justify-center bg-token-main-surface-primary text-token-text-primary h-8 w-8\">innovation continue<\/div>\n<\/div>\n<\/div>\n<\/div>\n<\/div>\n<p>[\/vc_column_text][vc_empty_space height=\u00a0\u00bb30px\u00a0\u00bb][vc_column_text css=\u00a0\u00bb\u00a0\u00bb el_class=\u00a0\u00bbtext-small\u00a0\u00bb]<\/p>\n<h1>CERTIFICATION DE QUALIT<b>\u00c9<\/b><\/h1>\n<p>[\/vc_column_text][vc_empty_space height=\u00a0\u00bb30px\u00a0\u00bb][vc_column_text css=\u00a0\u00bb\u00a0\u00bb]<\/p>\n<div class=\"flex-shrink-0 flex flex-col relative items-end\">\n<div>\n<div class=\"pt-0\">\n<div class=\"gizmo-bot-avatar flex h-8 w-8 items-center justify-center overflow-hidden rounded-full\">\n<h3 class=\"relative p-1 rounded-sm flex items-center justify-center bg-token-main-surface-primary text-token-text-primary h-8 w-8\"><strong>Forts d\u2019une exp\u00e9rience de plus de vingt ans, nous regardons l\u2019avenir avec enthousiasme.<br \/>\n<\/strong><strong>Un avenir o\u00f9 le d\u00e9fi est de continuer \u00e0 cr\u00e9er de la beaut\u00e9 tout en respectant l\u2019environnement, en recherchant des mat\u00e9riaux et des proc\u00e9d\u00e9s durables pour r\u00e9duire l\u2019impact de la mode sur la plan\u00e8te, tout en maintenant les standards de qualit\u00e9 \u00e9lev\u00e9s de nos produits.<\/strong><\/h3>\n<\/div>\n<\/div>\n<\/div>\n<\/div>\n<p>[\/vc_column_text][vc_empty_space height=\u00a0\u00bb30px\u00a0\u00bb][vc_column_text css=\u00a0\u00bb\u00a0\u00bb]Nous r\u00e9alisons des talons, plateaux et compens\u00e9s con\u00e7us pour durer dans le temps.<br \/>\nLa qualit\u00e9 et le soin que nous apportons \u00e0 notre travail sont reconnus par les certifications internationales les plus prestigieuses.[\/vc_column_text][\/qode_elements_holder_item][qode_elements_holder_item vertical_alignment=\u00a0\u00bbmiddle\u00a0\u00bb horizontal_alignment=\u00a0\u00bbcenter\u00a0\u00bb advanced_animations=\u00a0\u00bbno\u00a0\u00bb][vc_single_image image=\u00a0\u00bb1146&Prime; img_size=\u00a0\u00bb1445 x 2000&Prime; alignment=\u00a0\u00bbcenter\u00a0\u00bb css=\u00a0\u00bb\u00a0\u00bb qode_css_animation=\u00a0\u00bb\u00a0\u00bb el_class=\u00a0\u00bbnot-display-mobile\u00a0\u00bb][\/qode_elements_holder_item][\/qode_elements_holder][\/vc_column][\/vc_row][vc_row css_animation=\u00a0\u00bb\u00a0\u00bb row_type=\u00a0\u00bbrow\u00a0\u00bb use_row_as_full_screen_section=\u00a0\u00bbno\u00a0\u00bb type=\u00a0\u00bbfull_width\u00a0\u00bb angled_section=\u00a0\u00bbno\u00a0\u00bb text_align=\u00a0\u00bbleft\u00a0\u00bb background_image_as_pattern=\u00a0\u00bbwithout_pattern\u00a0\u00bb][vc_column offset=\u00a0\u00bbvc_hidden-lg vc_hidden-md\u00a0\u00bb][vc_empty_space height=\u00a0\u00bb0px\u00a0\u00bb el_class=\u00a0\u00bbemptyspace-medium\u00a0\u00bb][\/vc_column][\/vc_row][vc_row css_animation=\u00a0\u00bb\u00a0\u00bb row_type=\u00a0\u00bbrow\u00a0\u00bb use_row_as_full_screen_section=\u00a0\u00bbno\u00a0\u00bb type=\u00a0\u00bbgrid\u00a0\u00bb angled_section=\u00a0\u00bbno\u00a0\u00bb text_align=\u00a0\u00bbcenter\u00a0\u00bb background_image_as_pattern=\u00a0\u00bbwithout_pattern\u00a0\u00bb z_index=\u00a0\u00bb\u00a0\u00bb][vc_column width=\u00a0\u00bb1\/2&Prime; offset=\u00a0\u00bbvc_col-lg-offset-2 vc_col-lg-4 vc_col-md-offset-1 vc_col-md-5&Prime;][vc_column_text css=\u00a0\u00bb\u00a0\u00bb]<a href=\"https:\/\/italcompo.it\/download\/certificate-sqs.pdf\" target=\"_blank\" rel=\"noopener\"><img decoding=\"async\" class=\"style-svg\" style=\"width: 200px;\" src=\"https:\/\/italcompo.it\/wp-content\/uploads\/2024\/12\/logo-certificazione-sqs-dark.svg\" alt=\"certificazione SQS ISO 45001:2018\" \/><\/a>[\/vc_column_text][vc_separator type=\u00a0\u00bbsmall\u00a0\u00bb position=\u00a0\u00bbcenter\u00a0\u00bb thickness=\u00a0\u00bb20&Prime; width=\u00a0\u00bb1&Prime; up=\u00a0\u00bb20&Prime; down=\u00a0\u00bb20&Prime;][vc_column_text css=\u00a0\u00bb\u00a0\u00bb el_class=\u00a0\u00bbsmall-cert-text\u00a0\u00bb]<\/p>\n<h3>certification SQS<\/h3>\n<h4>SYST\u00c8ME DE GESTION DE LA QUALIT\u00c9<\/h4>\n<p>ISO 9001:2015<\/p>\n<h4>SYST\u00c8ME DE GESTION ENVIRONNEMENTALE<\/h4>\n<p>ISO 14001:2015<\/p>\n<h4>SYST\u00c8ME DE GESTION DE LA SANT\u00c9<br \/>\nET DE LA S\u00c9CURIT\u00c9 AU TRAVAIL<\/h4>\n<p>ISO 45001:2018[\/vc_column_text][vc_empty_space height=\u00a0\u00bb50px\u00a0\u00bb][\/vc_column][vc_column width=\u00a0\u00bb1\/2&Prime; offset=\u00a0\u00bbvc_col-lg-4 vc_col-md-5&Prime;][vc_column_text css=\u00a0\u00bb\u00a0\u00bb]<a href=\"https:\/\/italcompo.it\/download\/certificate-iqnet.pdf\" target=\"_blank\" rel=\"noopener\"><img decoding=\"async\" class=\"style-svg\" style=\"width: 200px;\" src=\"https:\/\/italcompo.it\/wp-content\/uploads\/2024\/11\/logo-certificazione-iqnet-dark.svg\" alt=\"certificazione IQNET ISO 45001:2018\" \/><\/a>[\/vc_column_text][vc_separator type=\u00a0\u00bbsmall\u00a0\u00bb position=\u00a0\u00bbcenter\u00a0\u00bb thickness=\u00a0\u00bb20&Prime; width=\u00a0\u00bb1&Prime; up=\u00a0\u00bb20&Prime; down=\u00a0\u00bb20&Prime;][vc_column_text css=\u00a0\u00bb\u00a0\u00bb el_class=\u00a0\u00bbsmall-cert-text\u00a0\u00bb]<\/p>\n<h3><strong>certification IQNET<\/strong><\/h3>\n<h4>SYST\u00c8ME DE GESTION DE LA QUALIT\u00c9<\/h4>\n<p>ISO 9001:2015<\/p>\n<h4>SYST\u00c8ME DE GESTION ENVIRONNEMENTALE<\/h4>\n<p>ISO 14001:2015<\/p>\n<h4>SYST\u00c8ME DE GESTION DE LA SANT\u00c9<br \/>\nET DE LA S\u00c9CURIT\u00c9 AU TRAVAIL<\/h4>\n<p>ISO 45001:2018[\/vc_column_text][vc_empty_space height=\u00a0\u00bb50px\u00a0\u00bb][\/vc_column][\/vc_row][vc_row css_animation=\u00a0\u00bb\u00a0\u00bb row_type=\u00a0\u00bbrow\u00a0\u00bb use_row_as_full_screen_section=\u00a0\u00bbno\u00a0\u00bb type=\u00a0\u00bbfull_width\u00a0\u00bb angled_section=\u00a0\u00bbno\u00a0\u00bb text_align=\u00a0\u00bbleft\u00a0\u00bb background_image_as_pattern=\u00a0\u00bbwithout_pattern\u00a0\u00bb][vc_column][vc_empty_space height=\u00a0\u00bb0px\u00a0\u00bb el_class=\u00a0\u00bbemptyspace-medium\u00a0\u00bb][\/vc_column][\/vc_row]<\/p>\n<\/div>","protected":false},"excerpt":{"rendered":"<p>[vc_row css_animation=\u00a0\u00bb\u00a0\u00bb row_type=\u00a0\u00bbrow\u00a0\u00bb use_row_as_full_screen_section=\u00a0\u00bbno\u00a0\u00bb type=\u00a0\u00bbfull_width\u00a0\u00bb angled_section=\u00a0\u00bbno\u00a0\u00bb text_align=\u00a0\u00bbcenter\u00a0\u00bb background_image_as_pattern=\u00a0\u00bbwithout_pattern\u00a0\u00bb z_index=\u00a0\u00bb\u00a0\u00bb][vc_column width=\u00a0\u00bb7\/12&Prime; offset=\u00a0\u00bbvc_col-lg-offset-0 vc_col-lg-12 vc_col-md-offset-6 vc_col-md-6 vc_col-sm-offset-5 vc_col-xs-offset-4 vc_col-xs-8&Prime;][vc_single_image image=\u00a0\u00bb1146&Prime; img_size=\u00a0\u00bb1445 x 2000&Prime; alignment=\u00a0\u00bbright\u00a0\u00bb css=\u00a0\u00bb\u00a0\u00bb qode_css_animation=\u00a0\u00bb\u00a0\u00bb el_class=\u00a0\u00bbnot-display-desktop\u00a0\u00bb][\/vc_column][\/vc_row][vc_row css_animation=\u00a0\u00bb\u00a0\u00bb row_type=\u00a0\u00bbrow\u00a0\u00bb use_row_as_full_screen_section=\u00a0\u00bbno\u00a0\u00bb type=\u00a0\u00bbfull_width\u00a0\u00bb angled_section=\u00a0\u00bbno\u00a0\u00bb text_align=\u00a0\u00bbleft\u00a0\u00bb background_image_as_pattern=\u00a0\u00bbwithout_pattern\u00a0\u00bb el_class=\u00a0\u00bbpadding-fullwidth-row-left\u00a0\u00bb z_index=\u00a0\u00bb\u00a0\u00bb][vc_column][qode_elements_holder number_of_columns=\u00a0\u00bbtwo_columns\u00a0\u00bb columns_proportion=\u00a0\u00bb66_33&Prime;][qode_elements_holder_item vertical_alignment=\u00a0\u00bbmiddle\u00a0\u00bb horizontal_alignment=\u00a0\u00bbleft\u00a0\u00bb advanced_animations=\u00a0\u00bbno\u00a0\u00bb][vc_column_text css=\u00a0\u00bb\u00a0\u00bb el_class=\u00a0\u00bbtext-big\u00a0\u00bb] innovation continue [\/vc_column_text][vc_empty_space height=\u00a0\u00bb30px\u00a0\u00bb][vc_column_text&#8230;<\/p>\n","protected":false},"author":2,"featured_media":0,"parent":1802,"menu_order":0,"comment_status":"closed","ping_status":"closed","template":"full_width.php","meta":{"footnotes":""},"class_list":["post-1810","page","type-page","status-publish","hentry"],"yoast_head":"<!-- This site is optimized with the Yoast SEO plugin v25.6 - https:\/\/yoast.com\/wordpress\/plugins\/seo\/ -->\n<title>Certifications de Notre Fabrique de Talons- Italcompo<\/title>\n<meta name=\"description\" content=\"Nous recherchons des mat\u00e9riaux et des proc\u00e9d\u00e9s durables afin de r\u00e9duire l\u2019impact de la mode sur la plan\u00e8te. D\u00e9couvrez nos certifications.n\" \/>\n<meta name=\"robots\" content=\"index, follow, max-snippet:-1, max-image-preview:large, max-video-preview:-1\" \/>\n<link rel=\"canonical\" href=\"https:\/\/italcompo.it\/fr\/profil\/certifications-de-qualite-et-de-production\/\" \/>\n<meta property=\"og:locale\" content=\"fr_FR\" \/>\n<meta property=\"og:type\" content=\"article\" \/>\n<meta property=\"og:title\" content=\"Certifications de Notre Fabrique de Talons- Italcompo\" \/>\n<meta property=\"og:description\" content=\"Nous recherchons des mat\u00e9riaux et des proc\u00e9d\u00e9s durables afin de r\u00e9duire l\u2019impact de la mode sur la plan\u00e8te. D\u00e9couvrez nos certifications.n\" \/>\n<meta property=\"og:url\" content=\"https:\/\/italcompo.it\/fr\/profil\/certifications-de-qualite-et-de-production\/\" \/>\n<meta property=\"og:site_name\" content=\"Italcompo\" \/>\n<meta property=\"article:publisher\" content=\"https:\/\/www.facebook.com\/italcompo?locale=it_IT\" \/>\n<meta property=\"article:modified_time\" content=\"2025-01-02T17:09:19+00:00\" \/>\n<meta property=\"og:image\" content=\"https:\/\/italcompo.it\/wp-content\/uploads\/2024\/12\/logo-certificazione-sqs-dark.svg\" \/>\n<meta name=\"twitter:card\" content=\"summary_large_image\" \/>\n<meta name=\"twitter:label1\" content=\"Dur\u00e9e de lecture estim\u00e9e\" \/>\n\t<meta name=\"twitter:data1\" content=\"3 minutes\" \/>\n<script type=\"application\/ld+json\" class=\"yoast-schema-graph\">{\"@context\":\"https:\/\/schema.org\",\"@graph\":[{\"@type\":\"WebPage\",\"@id\":\"https:\/\/italcompo.it\/fr\/profil\/certifications-de-qualite-et-de-production\/\",\"url\":\"https:\/\/italcompo.it\/fr\/profil\/certifications-de-qualite-et-de-production\/\",\"name\":\"Certifications de Notre Fabrique de Talons- Italcompo\",\"isPartOf\":{\"@id\":\"https:\/\/italcompo.it\/fr\/#website\"},\"primaryImageOfPage\":{\"@id\":\"https:\/\/italcompo.it\/fr\/profil\/certifications-de-qualite-et-de-production\/#primaryimage\"},\"image\":{\"@id\":\"https:\/\/italcompo.it\/fr\/profil\/certifications-de-qualite-et-de-production\/#primaryimage\"},\"thumbnailUrl\":\"https:\/\/italcompo.it\/wp-content\/uploads\/2024\/12\/logo-certificazione-sqs-dark.svg\",\"datePublished\":\"2024-06-28T12:45:13+00:00\",\"dateModified\":\"2025-01-02T17:09:19+00:00\",\"description\":\"Nous recherchons des mat\u00e9riaux et des proc\u00e9d\u00e9s durables afin de r\u00e9duire l\u2019impact de la mode sur la plan\u00e8te. D\u00e9couvrez nos certifications.n\",\"breadcrumb\":{\"@id\":\"https:\/\/italcompo.it\/fr\/profil\/certifications-de-qualite-et-de-production\/#breadcrumb\"},\"inLanguage\":\"fr-FR\",\"potentialAction\":[{\"@type\":\"ReadAction\",\"target\":[\"https:\/\/italcompo.it\/fr\/profil\/certifications-de-qualite-et-de-production\/\"]}]},{\"@type\":\"ImageObject\",\"inLanguage\":\"fr-FR\",\"@id\":\"https:\/\/italcompo.it\/fr\/profil\/certifications-de-qualite-et-de-production\/#primaryimage\",\"url\":\"https:\/\/italcompo.it\/wp-content\/uploads\/2024\/12\/logo-certificazione-sqs-dark.svg\",\"contentUrl\":\"https:\/\/italcompo.it\/wp-content\/uploads\/2024\/12\/logo-certificazione-sqs-dark.svg\"},{\"@type\":\"BreadcrumbList\",\"@id\":\"https:\/\/italcompo.it\/fr\/profil\/certifications-de-qualite-et-de-production\/#breadcrumb\",\"itemListElement\":[{\"@type\":\"ListItem\",\"position\":1,\"name\":\"Home\",\"item\":\"https:\/\/italcompo.it\/fr\/\"},{\"@type\":\"ListItem\",\"position\":2,\"name\":\"Profil\",\"item\":\"https:\/\/italcompo.it\/fr\/profil\/\"},{\"@type\":\"ListItem\",\"position\":3,\"name\":\"Certifications\"}]},{\"@type\":\"WebSite\",\"@id\":\"https:\/\/italcompo.it\/fr\/#website\",\"url\":\"https:\/\/italcompo.it\/fr\/\",\"name\":\"Italcompo\",\"description\":\"tacchificio per l&#039;alta moda\",\"publisher\":{\"@id\":\"https:\/\/italcompo.it\/fr\/#organization\"},\"potentialAction\":[{\"@type\":\"SearchAction\",\"target\":{\"@type\":\"EntryPoint\",\"urlTemplate\":\"https:\/\/italcompo.it\/fr\/?s={search_term_string}\"},\"query-input\":{\"@type\":\"PropertyValueSpecification\",\"valueRequired\":true,\"valueName\":\"search_term_string\"}}],\"inLanguage\":\"fr-FR\"},{\"@type\":\"Organization\",\"@id\":\"https:\/\/italcompo.it\/fr\/#organization\",\"name\":\"Italcompo Srl\",\"url\":\"https:\/\/italcompo.it\/fr\/\",\"logo\":{\"@type\":\"ImageObject\",\"inLanguage\":\"fr-FR\",\"@id\":\"https:\/\/italcompo.it\/fr\/#\/schema\/logo\/image\/\",\"url\":\"https:\/\/italcompo.it\/wp-content\/uploads\/2024\/07\/logo-italcompo-header.svg\",\"contentUrl\":\"https:\/\/italcompo.it\/wp-content\/uploads\/2024\/07\/logo-italcompo-header.svg\",\"width\":240,\"height\":95,\"caption\":\"Italcompo Srl\"},\"image\":{\"@id\":\"https:\/\/italcompo.it\/fr\/#\/schema\/logo\/image\/\"},\"sameAs\":[\"https:\/\/www.facebook.com\/italcompo?locale=it_IT\",\"https:\/\/www.instagram.com\/italcompo_srl\/\",\"https:\/\/www.youtube.com\/@Italcompo\",\"https:\/\/www.linkedin.com\/company\/italcompo\/\"]}]}<\/script>\n<!-- \/ Yoast SEO plugin. -->","yoast_head_json":{"title":"Certifications de Notre Fabrique de Talons- Italcompo","description":"Nous recherchons des mat\u00e9riaux et des proc\u00e9d\u00e9s durables afin de r\u00e9duire l\u2019impact de la mode sur la plan\u00e8te. D\u00e9couvrez nos certifications.n","robots":{"index":"index","follow":"follow","max-snippet":"max-snippet:-1","max-image-preview":"max-image-preview:large","max-video-preview":"max-video-preview:-1"},"canonical":"https:\/\/italcompo.it\/fr\/profil\/certifications-de-qualite-et-de-production\/","og_locale":"fr_FR","og_type":"article","og_title":"Certifications de Notre Fabrique de Talons- Italcompo","og_description":"Nous recherchons des mat\u00e9riaux et des proc\u00e9d\u00e9s durables afin de r\u00e9duire l\u2019impact de la mode sur la plan\u00e8te. D\u00e9couvrez nos certifications.n","og_url":"https:\/\/italcompo.it\/fr\/profil\/certifications-de-qualite-et-de-production\/","og_site_name":"Italcompo","article_publisher":"https:\/\/www.facebook.com\/italcompo?locale=it_IT","article_modified_time":"2025-01-02T17:09:19+00:00","og_image":[{"url":"https:\/\/italcompo.it\/wp-content\/uploads\/2024\/12\/logo-certificazione-sqs-dark.svg","type":"","width":"","height":""}],"twitter_card":"summary_large_image","twitter_misc":{"Dur\u00e9e de lecture estim\u00e9e":"3 minutes"},"schema":{"@context":"https:\/\/schema.org","@graph":[{"@type":"WebPage","@id":"https:\/\/italcompo.it\/fr\/profil\/certifications-de-qualite-et-de-production\/","url":"https:\/\/italcompo.it\/fr\/profil\/certifications-de-qualite-et-de-production\/","name":"Certifications de Notre Fabrique de Talons- Italcompo","isPartOf":{"@id":"https:\/\/italcompo.it\/fr\/#website"},"primaryImageOfPage":{"@id":"https:\/\/italcompo.it\/fr\/profil\/certifications-de-qualite-et-de-production\/#primaryimage"},"image":{"@id":"https:\/\/italcompo.it\/fr\/profil\/certifications-de-qualite-et-de-production\/#primaryimage"},"thumbnailUrl":"https:\/\/italcompo.it\/wp-content\/uploads\/2024\/12\/logo-certificazione-sqs-dark.svg","datePublished":"2024-06-28T12:45:13+00:00","dateModified":"2025-01-02T17:09:19+00:00","description":"Nous recherchons des mat\u00e9riaux et des proc\u00e9d\u00e9s durables afin de r\u00e9duire l\u2019impact de la mode sur la plan\u00e8te. D\u00e9couvrez nos certifications.n","breadcrumb":{"@id":"https:\/\/italcompo.it\/fr\/profil\/certifications-de-qualite-et-de-production\/#breadcrumb"},"inLanguage":"fr-FR","potentialAction":[{"@type":"ReadAction","target":["https:\/\/italcompo.it\/fr\/profil\/certifications-de-qualite-et-de-production\/"]}]},{"@type":"ImageObject","inLanguage":"fr-FR","@id":"https:\/\/italcompo.it\/fr\/profil\/certifications-de-qualite-et-de-production\/#primaryimage","url":"https:\/\/italcompo.it\/wp-content\/uploads\/2024\/12\/logo-certificazione-sqs-dark.svg","contentUrl":"https:\/\/italcompo.it\/wp-content\/uploads\/2024\/12\/logo-certificazione-sqs-dark.svg"},{"@type":"BreadcrumbList","@id":"https:\/\/italcompo.it\/fr\/profil\/certifications-de-qualite-et-de-production\/#breadcrumb","itemListElement":[{"@type":"ListItem","position":1,"name":"Home","item":"https:\/\/italcompo.it\/fr\/"},{"@type":"ListItem","position":2,"name":"Profil","item":"https:\/\/italcompo.it\/fr\/profil\/"},{"@type":"ListItem","position":3,"name":"Certifications"}]},{"@type":"WebSite","@id":"https:\/\/italcompo.it\/fr\/#website","url":"https:\/\/italcompo.it\/fr\/","name":"Italcompo","description":"tacchificio per l&#039;alta moda","publisher":{"@id":"https:\/\/italcompo.it\/fr\/#organization"},"potentialAction":[{"@type":"SearchAction","target":{"@type":"EntryPoint","urlTemplate":"https:\/\/italcompo.it\/fr\/?s={search_term_string}"},"query-input":{"@type":"PropertyValueSpecification","valueRequired":true,"valueName":"search_term_string"}}],"inLanguage":"fr-FR"},{"@type":"Organization","@id":"https:\/\/italcompo.it\/fr\/#organization","name":"Italcompo Srl","url":"https:\/\/italcompo.it\/fr\/","logo":{"@type":"ImageObject","inLanguage":"fr-FR","@id":"https:\/\/italcompo.it\/fr\/#\/schema\/logo\/image\/","url":"https:\/\/italcompo.it\/wp-content\/uploads\/2024\/07\/logo-italcompo-header.svg","contentUrl":"https:\/\/italcompo.it\/wp-content\/uploads\/2024\/07\/logo-italcompo-header.svg","width":240,"height":95,"caption":"Italcompo Srl"},"image":{"@id":"https:\/\/italcompo.it\/fr\/#\/schema\/logo\/image\/"},"sameAs":["https:\/\/www.facebook.com\/italcompo?locale=it_IT","https:\/\/www.instagram.com\/italcompo_srl\/","https:\/\/www.youtube.com\/@Italcompo","https:\/\/www.linkedin.com\/company\/italcompo\/"]}]}},"_links":{"self":[{"href":"https:\/\/italcompo.it\/fr\/wp-json\/wp\/v2\/pages\/1810","targetHints":{"allow":["GET"]}}],"collection":[{"href":"https:\/\/italcompo.it\/fr\/wp-json\/wp\/v2\/pages"}],"about":[{"href":"https:\/\/italcompo.it\/fr\/wp-json\/wp\/v2\/types\/page"}],"author":[{"embeddable":true,"href":"https:\/\/italcompo.it\/fr\/wp-json\/wp\/v2\/users\/2"}],"replies":[{"embeddable":true,"href":"https:\/\/italcompo.it\/fr\/wp-json\/wp\/v2\/comments?post=1810"}],"version-history":[{"count":0,"href":"https:\/\/italcompo.it\/fr\/wp-json\/wp\/v2\/pages\/1810\/revisions"}],"up":[{"embeddable":true,"href":"https:\/\/italcompo.it\/fr\/wp-json\/wp\/v2\/pages\/1802"}],"wp:attachment":[{"href":"https:\/\/italcompo.it\/fr\/wp-json\/wp\/v2\/media?parent=1810"}],"curies":[{"name":"wp","href":"https:\/\/api.w.org\/{rel}","templated":true}]}}