{"id":1781,"date":"2024-06-28T14:34:15","date_gmt":"2024-06-28T12:34:15","guid":{"rendered":"https:\/\/italcompo.it\/produits\/tacchi-con-inserti-metallici\/"},"modified":"2025-02-03T10:56:00","modified_gmt":"2025-02-03T09:56:00","slug":"talons-avec-inserts-metalliques","status":"publish","type":"page","link":"https:\/\/italcompo.it\/fr\/produits\/talons-avec-inserts-metalliques\/","title":{"rendered":"Talons avec inserts m\u00e9talliques"},"content":{"rendered":"<div class=\"wpb-content-wrapper\"><p>[vc_row css_animation=\u00a0\u00bb\u00a0\u00bb row_type=\u00a0\u00bbrow\u00a0\u00bb use_row_as_full_screen_section=\u00a0\u00bbno\u00a0\u00bb type=\u00a0\u00bbfull_width\u00a0\u00bb angled_section=\u00a0\u00bbno\u00a0\u00bb text_align=\u00a0\u00bbcenter\u00a0\u00bb background_image_as_pattern=\u00a0\u00bbwithout_pattern\u00a0\u00bb z_index=\u00a0\u00bb\u00a0\u00bb][vc_column width=\u00a0\u00bb7\/12&Prime; offset=\u00a0\u00bbvc_col-lg-offset-0 vc_col-lg-12 vc_col-md-offset-6 vc_col-md-6 vc_col-sm-offset-5 vc_col-xs-offset-4 vc_col-xs-8&Prime;][vc_single_image image=\u00a0\u00bb1274&Prime; img_size=\u00a0\u00bb1445 x 2000&Prime; alignment=\u00a0\u00bbright\u00a0\u00bb css=\u00a0\u00bb\u00a0\u00bb qode_css_animation=\u00a0\u00bb\u00a0\u00bb el_class=\u00a0\u00bbnot-display-desktop\u00a0\u00bb][\/vc_column][\/vc_row][vc_row css_animation=\u00a0\u00bb\u00a0\u00bb row_type=\u00a0\u00bbrow\u00a0\u00bb use_row_as_full_screen_section=\u00a0\u00bbno\u00a0\u00bb type=\u00a0\u00bbfull_width\u00a0\u00bb angled_section=\u00a0\u00bbno\u00a0\u00bb text_align=\u00a0\u00bbleft\u00a0\u00bb background_image_as_pattern=\u00a0\u00bbwithout_pattern\u00a0\u00bb el_class=\u00a0\u00bbpadding-fullwidth-row-left\u00a0\u00bb z_index=\u00a0\u00bb\u00a0\u00bb][vc_column][qode_elements_holder number_of_columns=\u00a0\u00bbtwo_columns\u00a0\u00bb columns_proportion=\u00a0\u00bb66_33&Prime;][qode_elements_holder_item vertical_alignment=\u00a0\u00bbmiddle\u00a0\u00bb horizontal_alignment=\u00a0\u00bbleft\u00a0\u00bb advanced_animations=\u00a0\u00bbno\u00a0\u00bb item_padding_768_1024=\u00a0\u00bb0px 0px 90px 0px\u00a0\u00bb item_padding_600_768=\u00a0\u00bb0px 0px 90px 0px\u00a0\u00bb item_padding_480_600=\u00a0\u00bb0px 0px 90px 0px\u00a0\u00bb item_padding_480=\u00a0\u00bb0px 0px 90px 0px\u00a0\u00bb][vc_column_text css=\u00a0\u00bb\u00a0\u00bb el_class=\u00a0\u00bbtext-big\u00a0\u00bb]<\/p>\n<h1>talons avec inserts m\u00e9talliques<\/h1>\n<p>[\/vc_column_text][vc_empty_space height=\u00a0\u00bb30px\u00a0\u00bb][vc_column_text css=\u00a0\u00bb\u00a0\u00bb]<\/p>\n<h3>Notre production nous permet d&rsquo;appliquer divers mat\u00e9riaux sur un m\u00eame talon.<\/h3>\n<p>[\/vc_column_text][vc_empty_space height=\u00a0\u00bb30px\u00a0\u00bb][vc_column_text css=\u00a0\u00bb\u00a0\u00bb]Nos syst\u00e8mes de production nous permettent de cr\u00e9er des <strong>talons sur mesure<\/strong> avec des structures g\u00e9om\u00e9triques tr\u00e8s complexes, en int\u00e9grant la pr\u00e9sence d\u2019inserts m\u00e9talliques d\u00e8s la phase de conception. Nous r\u00e9alisons des talons avec un ou plusieurs inserts m\u00e9talliques, n\u00e9cessaires \u00e0 la solidit\u00e9 de la pi\u00e8ce et \u00e0 son montage, en fournissant \u00e9galement au client les vis et rondelles qui pourraient \u00eatre n\u00e9cessaires.[\/vc_column_text][\/qode_elements_holder_item][qode_elements_holder_item vertical_alignment=\u00a0\u00bbmiddle\u00a0\u00bb horizontal_alignment=\u00a0\u00bbcenter\u00a0\u00bb advanced_animations=\u00a0\u00bbno\u00a0\u00bb][vc_single_image image=\u00a0\u00bb1274&Prime; img_size=\u00a0\u00bb1445 x 2000&Prime; alignment=\u00a0\u00bbright\u00a0\u00bb css=\u00a0\u00bb\u00a0\u00bb qode_css_animation=\u00a0\u00bb\u00a0\u00bb el_class=\u00a0\u00bbnot-display-mobile\u00a0\u00bb][\/qode_elements_holder_item][\/qode_elements_holder][\/vc_column][\/vc_row][vc_row css_animation=\u00a0\u00bb\u00a0\u00bb row_type=\u00a0\u00bbrow\u00a0\u00bb use_row_as_full_screen_section=\u00a0\u00bbno\u00a0\u00bb type=\u00a0\u00bbfull_width\u00a0\u00bb angled_section=\u00a0\u00bbno\u00a0\u00bb text_align=\u00a0\u00bbleft\u00a0\u00bb background_image_as_pattern=\u00a0\u00bbwithout_pattern\u00a0\u00bb css=\u00a0\u00bb.vc_custom_1731511846493{background-color: #000000 !important;}\u00a0\u00bb z_index=\u00a0\u00bb\u00a0\u00bb][vc_column][vc_row_inner row_type=\u00a0\u00bbrow\u00a0\u00bb type=\u00a0\u00bbfull_width\u00a0\u00bb text_align=\u00a0\u00bbleft\u00a0\u00bb css_animation=\u00a0\u00bb\u00a0\u00bb][vc_column_inner offset=\u00a0\u00bbvc_col-lg-8 vc_col-md-9&Prime;][vc_single_image image=\u00a0\u00bb1214&Prime; img_size=\u00a0\u00bb2000 x 1196&Prime; alignment=\u00a0\u00bbright\u00a0\u00bb css=\u00a0\u00bb\u00a0\u00bb qode_css_animation=\u00a0\u00bb\u00a0\u00bb][\/vc_column_inner][\/vc_row_inner][vc_row_inner row_type=\u00a0\u00bbrow\u00a0\u00bb type=\u00a0\u00bbfull_width\u00a0\u00bb text_align=\u00a0\u00bbleft\u00a0\u00bb css_animation=\u00a0\u00bb\u00a0\u00bb][vc_column_inner offset=\u00a0\u00bbvc_col-lg-offset-3 vc_col-lg-9 vc_col-md-offset-2 vc_col-md-10&Prime;][vc_single_image image=\u00a0\u00bb1272&Prime; img_size=\u00a0\u00bb1920 x 1280&Prime; alignment=\u00a0\u00bbright\u00a0\u00bb css=\u00a0\u00bb\u00a0\u00bb qode_css_animation=\u00a0\u00bb\u00a0\u00bb][\/vc_column_inner][\/vc_row_inner][\/vc_column][\/vc_row][vc_row css_animation=\u00a0\u00bb\u00a0\u00bb row_type=\u00a0\u00bbrow\u00a0\u00bb use_row_as_full_screen_section=\u00a0\u00bbno\u00a0\u00bb type=\u00a0\u00bbfull_width\u00a0\u00bb angled_section=\u00a0\u00bbno\u00a0\u00bb text_align=\u00a0\u00bbleft\u00a0\u00bb background_image_as_pattern=\u00a0\u00bbwithout_pattern\u00a0\u00bb z_index=\u00a0\u00bb\u00a0\u00bb background_image=\u00a0\u00bb487&Prime; el_class=\u00a0\u00bbpadding-fullwidth-row\u00a0\u00bb][vc_column][vc_empty_space height=\u00a0\u00bb0px\u00a0\u00bb el_class=\u00a0\u00bbemptyspace-medium\u00a0\u00bb][vc_row_inner row_type=\u00a0\u00bbrow\u00a0\u00bb type=\u00a0\u00bbfull_width\u00a0\u00bb text_align=\u00a0\u00bbleft\u00a0\u00bb css_animation=\u00a0\u00bb\u00a0\u00bb][vc_column_inner offset=\u00a0\u00bbvc_col-lg-offset-2 vc_col-lg-8 vc_col-md-2&Prime;][vc_column_text css=\u00a0\u00bb\u00a0\u00bb el_class=\u00a0\u00bbwhite-text\u00a0\u00bb]<\/p>\n<h3><strong>d\u00e9couvrez d&rsquo;autres types de talons<\/strong><\/h3>\n<p>[\/vc_column_text][vc_empty_space height=\u00a0\u00bb30px\u00a0\u00bb][vc_column_text css=\u00a0\u00bb\u00a0\u00bb el_class=\u00a0\u00bbtext-big white-text\u00a0\u00bb]<a href=\"https:\/\/italcompo.it\/fr\/lineapelle-ilumia-led-talons-de-luxe\/\">talons led<\/a><br \/>\n<a href=\"https:\/\/italcompo.it\/fr\/produits\/talons-vernis-et-laques\/\">talons vernis et laqu\u00e9s<\/a><br \/>\n<a href=\"https:\/\/italcompo.it\/fr\/produits\/talons-en-plexiglas\/\">talons en plexiglas<\/a><br \/>\n<a href=\"https:\/\/italcompo.it\/fr\/produits\/talons-galvanise-sur-mesure\/\">talons galvanis\u00e9s<\/a><br \/>\n<a href=\"https:\/\/italcompo.it\/fr\/produits\/talons-avec-inserts-metalliques\/\">talons avec inserts m\u00e9talliques<\/a><br \/>\n<a href=\"https:\/\/italcompo.it\/fr\/produits\/autres-types-de-talon\/\">autres types de talons<\/a>[\/vc_column_text][\/vc_column_inner][\/vc_row_inner][vc_empty_space height=\u00a0\u00bb0px\u00a0\u00bb el_class=\u00a0\u00bbemptyspace-big\u00a0\u00bb][\/vc_column][\/vc_row]<\/p>\n<\/div>","protected":false},"excerpt":{"rendered":"<p>[vc_row css_animation=\u00a0\u00bb\u00a0\u00bb row_type=\u00a0\u00bbrow\u00a0\u00bb use_row_as_full_screen_section=\u00a0\u00bbno\u00a0\u00bb type=\u00a0\u00bbfull_width\u00a0\u00bb angled_section=\u00a0\u00bbno\u00a0\u00bb text_align=\u00a0\u00bbcenter\u00a0\u00bb background_image_as_pattern=\u00a0\u00bbwithout_pattern\u00a0\u00bb z_index=\u00a0\u00bb\u00a0\u00bb][vc_column width=\u00a0\u00bb7\/12&Prime; offset=\u00a0\u00bbvc_col-lg-offset-0 vc_col-lg-12 vc_col-md-offset-6 vc_col-md-6 vc_col-sm-offset-5 vc_col-xs-offset-4 vc_col-xs-8&Prime;][vc_single_image image=\u00a0\u00bb1274&Prime; img_size=\u00a0\u00bb1445 x 2000&Prime; alignment=\u00a0\u00bbright\u00a0\u00bb css=\u00a0\u00bb\u00a0\u00bb qode_css_animation=\u00a0\u00bb\u00a0\u00bb el_class=\u00a0\u00bbnot-display-desktop\u00a0\u00bb][\/vc_column][\/vc_row][vc_row css_animation=\u00a0\u00bb\u00a0\u00bb row_type=\u00a0\u00bbrow\u00a0\u00bb use_row_as_full_screen_section=\u00a0\u00bbno\u00a0\u00bb type=\u00a0\u00bbfull_width\u00a0\u00bb angled_section=\u00a0\u00bbno\u00a0\u00bb text_align=\u00a0\u00bbleft\u00a0\u00bb background_image_as_pattern=\u00a0\u00bbwithout_pattern\u00a0\u00bb el_class=\u00a0\u00bbpadding-fullwidth-row-left\u00a0\u00bb z_index=\u00a0\u00bb\u00a0\u00bb][vc_column][qode_elements_holder number_of_columns=\u00a0\u00bbtwo_columns\u00a0\u00bb columns_proportion=\u00a0\u00bb66_33&Prime;][qode_elements_holder_item vertical_alignment=\u00a0\u00bbmiddle\u00a0\u00bb horizontal_alignment=\u00a0\u00bbleft\u00a0\u00bb advanced_animations=\u00a0\u00bbno\u00a0\u00bb item_padding_768_1024=\u00a0\u00bb0px 0px 90px 0px\u00a0\u00bb item_padding_600_768=\u00a0\u00bb0px 0px&#8230;<\/p>\n","protected":false},"author":2,"featured_media":0,"parent":1755,"menu_order":0,"comment_status":"closed","ping_status":"closed","template":"full_width.php","meta":{"footnotes":""},"class_list":["post-1781","page","type-page","status-publish","hentry"],"yoast_head":"<!-- This site is optimized with the Yoast SEO plugin v25.6 - https:\/\/yoast.com\/wordpress\/plugins\/seo\/ -->\n<title>Talons de luxe sur mesure avec des inserts m\u00e9talliques Italcompo<\/title>\n<meta name=\"description\" content=\"Nous r\u00e9alisons des talons de luxe sur mesure avec des inserts m\u00e9talliques selon les demandes des stylistes. D\u00e9couvrez notre fabrique de talons.\" \/>\n<meta name=\"robots\" content=\"index, follow, max-snippet:-1, max-image-preview:large, max-video-preview:-1\" \/>\n<link rel=\"canonical\" href=\"https:\/\/italcompo.it\/fr\/produits\/talons-avec-inserts-metalliques\/\" \/>\n<meta property=\"og:locale\" content=\"fr_FR\" \/>\n<meta property=\"og:type\" content=\"article\" \/>\n<meta property=\"og:title\" content=\"Talons de luxe sur mesure avec des inserts m\u00e9talliques Italcompo\" \/>\n<meta property=\"og:description\" content=\"Nous r\u00e9alisons des talons de luxe sur mesure avec des inserts m\u00e9talliques selon les demandes des stylistes. D\u00e9couvrez notre fabrique de talons.\" \/>\n<meta property=\"og:url\" content=\"https:\/\/italcompo.it\/fr\/produits\/talons-avec-inserts-metalliques\/\" \/>\n<meta property=\"og:site_name\" content=\"Italcompo\" \/>\n<meta property=\"article:publisher\" content=\"https:\/\/www.facebook.com\/italcompo?locale=it_IT\" \/>\n<meta property=\"article:modified_time\" content=\"2025-02-03T09:56:00+00:00\" \/>\n<meta name=\"twitter:card\" content=\"summary_large_image\" \/>\n<meta name=\"twitter:label1\" content=\"Dur\u00e9e de lecture estim\u00e9e\" \/>\n\t<meta name=\"twitter:data1\" content=\"3 minutes\" \/>\n<script type=\"application\/ld+json\" class=\"yoast-schema-graph\">{\"@context\":\"https:\/\/schema.org\",\"@graph\":[{\"@type\":\"WebPage\",\"@id\":\"https:\/\/italcompo.it\/fr\/produits\/talons-avec-inserts-metalliques\/\",\"url\":\"https:\/\/italcompo.it\/fr\/produits\/talons-avec-inserts-metalliques\/\",\"name\":\"Talons de luxe sur mesure avec des inserts m\u00e9talliques Italcompo\",\"isPartOf\":{\"@id\":\"https:\/\/italcompo.it\/fr\/#website\"},\"datePublished\":\"2024-06-28T12:34:15+00:00\",\"dateModified\":\"2025-02-03T09:56:00+00:00\",\"description\":\"Nous r\u00e9alisons des talons de luxe sur mesure avec des inserts m\u00e9talliques selon les demandes des stylistes. D\u00e9couvrez notre fabrique de talons.\",\"breadcrumb\":{\"@id\":\"https:\/\/italcompo.it\/fr\/produits\/talons-avec-inserts-metalliques\/#breadcrumb\"},\"inLanguage\":\"fr-FR\",\"potentialAction\":[{\"@type\":\"ReadAction\",\"target\":[\"https:\/\/italcompo.it\/fr\/produits\/talons-avec-inserts-metalliques\/\"]}]},{\"@type\":\"BreadcrumbList\",\"@id\":\"https:\/\/italcompo.it\/fr\/produits\/talons-avec-inserts-metalliques\/#breadcrumb\",\"itemListElement\":[{\"@type\":\"ListItem\",\"position\":1,\"name\":\"Home\",\"item\":\"https:\/\/italcompo.it\/fr\/\"},{\"@type\":\"ListItem\",\"position\":2,\"name\":\"Produits\",\"item\":\"https:\/\/italcompo.it\/fr\/produits\/\"},{\"@type\":\"ListItem\",\"position\":3,\"name\":\"Talons avec inserts m\u00e9talliques\"}]},{\"@type\":\"WebSite\",\"@id\":\"https:\/\/italcompo.it\/fr\/#website\",\"url\":\"https:\/\/italcompo.it\/fr\/\",\"name\":\"Italcompo\",\"description\":\"tacchificio per l&#039;alta moda\",\"publisher\":{\"@id\":\"https:\/\/italcompo.it\/fr\/#organization\"},\"potentialAction\":[{\"@type\":\"SearchAction\",\"target\":{\"@type\":\"EntryPoint\",\"urlTemplate\":\"https:\/\/italcompo.it\/fr\/?s={search_term_string}\"},\"query-input\":{\"@type\":\"PropertyValueSpecification\",\"valueRequired\":true,\"valueName\":\"search_term_string\"}}],\"inLanguage\":\"fr-FR\"},{\"@type\":\"Organization\",\"@id\":\"https:\/\/italcompo.it\/fr\/#organization\",\"name\":\"Italcompo Srl\",\"url\":\"https:\/\/italcompo.it\/fr\/\",\"logo\":{\"@type\":\"ImageObject\",\"inLanguage\":\"fr-FR\",\"@id\":\"https:\/\/italcompo.it\/fr\/#\/schema\/logo\/image\/\",\"url\":\"https:\/\/italcompo.it\/wp-content\/uploads\/2024\/07\/logo-italcompo-header.svg\",\"contentUrl\":\"https:\/\/italcompo.it\/wp-content\/uploads\/2024\/07\/logo-italcompo-header.svg\",\"width\":240,\"height\":95,\"caption\":\"Italcompo Srl\"},\"image\":{\"@id\":\"https:\/\/italcompo.it\/fr\/#\/schema\/logo\/image\/\"},\"sameAs\":[\"https:\/\/www.facebook.com\/italcompo?locale=it_IT\",\"https:\/\/www.instagram.com\/italcompo_srl\/\",\"https:\/\/www.youtube.com\/@Italcompo\",\"https:\/\/www.linkedin.com\/company\/italcompo\/\"]}]}<\/script>\n<!-- \/ Yoast SEO plugin. -->","yoast_head_json":{"title":"Talons de luxe sur mesure avec des inserts m\u00e9talliques Italcompo","description":"Nous r\u00e9alisons des talons de luxe sur mesure avec des inserts m\u00e9talliques selon les demandes des stylistes. D\u00e9couvrez notre fabrique de talons.","robots":{"index":"index","follow":"follow","max-snippet":"max-snippet:-1","max-image-preview":"max-image-preview:large","max-video-preview":"max-video-preview:-1"},"canonical":"https:\/\/italcompo.it\/fr\/produits\/talons-avec-inserts-metalliques\/","og_locale":"fr_FR","og_type":"article","og_title":"Talons de luxe sur mesure avec des inserts m\u00e9talliques Italcompo","og_description":"Nous r\u00e9alisons des talons de luxe sur mesure avec des inserts m\u00e9talliques selon les demandes des stylistes. D\u00e9couvrez notre fabrique de talons.","og_url":"https:\/\/italcompo.it\/fr\/produits\/talons-avec-inserts-metalliques\/","og_site_name":"Italcompo","article_publisher":"https:\/\/www.facebook.com\/italcompo?locale=it_IT","article_modified_time":"2025-02-03T09:56:00+00:00","twitter_card":"summary_large_image","twitter_misc":{"Dur\u00e9e de lecture estim\u00e9e":"3 minutes"},"schema":{"@context":"https:\/\/schema.org","@graph":[{"@type":"WebPage","@id":"https:\/\/italcompo.it\/fr\/produits\/talons-avec-inserts-metalliques\/","url":"https:\/\/italcompo.it\/fr\/produits\/talons-avec-inserts-metalliques\/","name":"Talons de luxe sur mesure avec des inserts m\u00e9talliques Italcompo","isPartOf":{"@id":"https:\/\/italcompo.it\/fr\/#website"},"datePublished":"2024-06-28T12:34:15+00:00","dateModified":"2025-02-03T09:56:00+00:00","description":"Nous r\u00e9alisons des talons de luxe sur mesure avec des inserts m\u00e9talliques selon les demandes des stylistes. D\u00e9couvrez notre fabrique de talons.","breadcrumb":{"@id":"https:\/\/italcompo.it\/fr\/produits\/talons-avec-inserts-metalliques\/#breadcrumb"},"inLanguage":"fr-FR","potentialAction":[{"@type":"ReadAction","target":["https:\/\/italcompo.it\/fr\/produits\/talons-avec-inserts-metalliques\/"]}]},{"@type":"BreadcrumbList","@id":"https:\/\/italcompo.it\/fr\/produits\/talons-avec-inserts-metalliques\/#breadcrumb","itemListElement":[{"@type":"ListItem","position":1,"name":"Home","item":"https:\/\/italcompo.it\/fr\/"},{"@type":"ListItem","position":2,"name":"Produits","item":"https:\/\/italcompo.it\/fr\/produits\/"},{"@type":"ListItem","position":3,"name":"Talons avec inserts m\u00e9talliques"}]},{"@type":"WebSite","@id":"https:\/\/italcompo.it\/fr\/#website","url":"https:\/\/italcompo.it\/fr\/","name":"Italcompo","description":"tacchificio per l&#039;alta moda","publisher":{"@id":"https:\/\/italcompo.it\/fr\/#organization"},"potentialAction":[{"@type":"SearchAction","target":{"@type":"EntryPoint","urlTemplate":"https:\/\/italcompo.it\/fr\/?s={search_term_string}"},"query-input":{"@type":"PropertyValueSpecification","valueRequired":true,"valueName":"search_term_string"}}],"inLanguage":"fr-FR"},{"@type":"Organization","@id":"https:\/\/italcompo.it\/fr\/#organization","name":"Italcompo Srl","url":"https:\/\/italcompo.it\/fr\/","logo":{"@type":"ImageObject","inLanguage":"fr-FR","@id":"https:\/\/italcompo.it\/fr\/#\/schema\/logo\/image\/","url":"https:\/\/italcompo.it\/wp-content\/uploads\/2024\/07\/logo-italcompo-header.svg","contentUrl":"https:\/\/italcompo.it\/wp-content\/uploads\/2024\/07\/logo-italcompo-header.svg","width":240,"height":95,"caption":"Italcompo Srl"},"image":{"@id":"https:\/\/italcompo.it\/fr\/#\/schema\/logo\/image\/"},"sameAs":["https:\/\/www.facebook.com\/italcompo?locale=it_IT","https:\/\/www.instagram.com\/italcompo_srl\/","https:\/\/www.youtube.com\/@Italcompo","https:\/\/www.linkedin.com\/company\/italcompo\/"]}]}},"_links":{"self":[{"href":"https:\/\/italcompo.it\/fr\/wp-json\/wp\/v2\/pages\/1781","targetHints":{"allow":["GET"]}}],"collection":[{"href":"https:\/\/italcompo.it\/fr\/wp-json\/wp\/v2\/pages"}],"about":[{"href":"https:\/\/italcompo.it\/fr\/wp-json\/wp\/v2\/types\/page"}],"author":[{"embeddable":true,"href":"https:\/\/italcompo.it\/fr\/wp-json\/wp\/v2\/users\/2"}],"replies":[{"embeddable":true,"href":"https:\/\/italcompo.it\/fr\/wp-json\/wp\/v2\/comments?post=1781"}],"version-history":[{"count":2,"href":"https:\/\/italcompo.it\/fr\/wp-json\/wp\/v2\/pages\/1781\/revisions"}],"predecessor-version":[{"id":2136,"href":"https:\/\/italcompo.it\/fr\/wp-json\/wp\/v2\/pages\/1781\/revisions\/2136"}],"up":[{"embeddable":true,"href":"https:\/\/italcompo.it\/fr\/wp-json\/wp\/v2\/pages\/1755"}],"wp:attachment":[{"href":"https:\/\/italcompo.it\/fr\/wp-json\/wp\/v2\/media?parent=1781"}],"curies":[{"name":"wp","href":"https:\/\/api.w.org\/{rel}","templated":true}]}}