{"id":1755,"date":"2024-06-28T14:16:39","date_gmt":"2024-06-28T12:16:39","guid":{"rendered":"https:\/\/italcompo.it\/prodotti\/"},"modified":"2025-02-03T10:57:26","modified_gmt":"2025-02-03T09:57:26","slug":"produits","status":"publish","type":"page","link":"https:\/\/italcompo.it\/fr\/produits\/","title":{"rendered":"Produits"},"content":{"rendered":"<div class=\"wpb-content-wrapper\"><p>[vc_row css_animation=\u00a0\u00bb\u00a0\u00bb row_type=\u00a0\u00bbrow\u00a0\u00bb use_row_as_full_screen_section=\u00a0\u00bbno\u00a0\u00bb type=\u00a0\u00bbfull_width\u00a0\u00bb angled_section=\u00a0\u00bbno\u00a0\u00bb text_align=\u00a0\u00bbleft\u00a0\u00bb background_image_as_pattern=\u00a0\u00bbwithout_pattern\u00a0\u00bb el_class=\u00a0\u00bbpadding-fullwidth-row\u00a0\u00bb z_index=\u00a0\u00bb\u00a0\u00bb background_image=\u00a0\u00bb486&Prime;][vc_column][vc_row_inner row_type=\u00a0\u00bbrow\u00a0\u00bb type=\u00a0\u00bbfull_width\u00a0\u00bb text_align=\u00a0\u00bbleft\u00a0\u00bb css_animation=\u00a0\u00bb\u00a0\u00bb el_class=\u00a0\u00bbz-index-bottom\u00a0\u00bb][vc_column_inner el_class=\u00a0\u00bbfirst-row-gallery-product\u00a0\u00bb width=\u00a0\u00bb1\/3&Prime; offset=\u00a0\u00bbvc_col-lg-offset-1 vc_col-lg-3 vc_col-xs-4&Prime;][vc_single_image image=\u00a0\u00bb1198&Prime; img_size=\u00a0\u00bb1300 x 1100&Prime; css=\u00a0\u00bb\u00a0\u00bb qode_css_animation=\u00a0\u00bb\u00a0\u00bb][\/vc_column_inner][vc_column_inner el_class=\u00a0\u00bbsecond-row-gallery-product\u00a0\u00bb width=\u00a0\u00bb1\/3&Prime; offset=\u00a0\u00bbvc_col-lg-3 vc_col-xs-4&Prime;][vc_single_image image=\u00a0\u00bb1222&Prime; img_size=\u00a0\u00bb600 x 880&Prime; alignment=\u00a0\u00bbcenter\u00a0\u00bb css=\u00a0\u00bb\u00a0\u00bb qode_css_animation=\u00a0\u00bb\u00a0\u00bb][\/vc_column_inner][vc_column_inner el_class=\u00a0\u00bbthird-row-gallery-product\u00a0\u00bb width=\u00a0\u00bb1\/3&Prime; offset=\u00a0\u00bbvc_col-lg-offset-2 vc_col-lg-2 vc_col-xs-4&Prime;][vc_single_image image=\u00a0\u00bb1224&Prime; img_size=\u00a0\u00bb800 x 1195&Prime; alignment=\u00a0\u00bbcenter\u00a0\u00bb css=\u00a0\u00bb\u00a0\u00bb qode_css_animation=\u00a0\u00bb\u00a0\u00bb][\/vc_column_inner][vc_column_inner el_class=\u00a0\u00bbfourth-row-gallery-product\u00a0\u00bb width=\u00a0\u00bb1\/3&Prime; offset=\u00a0\u00bbvc_col-xs-4&Prime;][vc_single_image image=\u00a0\u00bb1218&Prime; img_size=\u00a0\u00bb2000 x 1338&Prime; alignment=\u00a0\u00bbcenter\u00a0\u00bb css=\u00a0\u00bb\u00a0\u00bb qode_css_animation=\u00a0\u00bb\u00a0\u00bb][\/vc_column_inner][vc_column_inner el_class=\u00a0\u00bbfifth-row-gallery-product\u00a0\u00bb width=\u00a0\u00bb1\/3&Prime; offset=\u00a0\u00bbvc_col-lg-3 vc_col-xs-4&Prime;][vc_single_image image=\u00a0\u00bb1200&Prime; img_size=\u00a0\u00bb1600 x 1100&Prime; css=\u00a0\u00bb\u00a0\u00bb qode_css_animation=\u00a0\u00bb\u00a0\u00bb][\/vc_column_inner][vc_column_inner el_class=\u00a0\u00bbsixth-row-gallery-product\u00a0\u00bb width=\u00a0\u00bb1\/3&Prime; offset=\u00a0\u00bbvc_col-lg-3 vc_col-xs-4&Prime;][vc_single_image image=\u00a0\u00bb1216&Prime; img_size=\u00a0\u00bb800 x 1175&Prime; alignment=\u00a0\u00bbcenter\u00a0\u00bb css=\u00a0\u00bb\u00a0\u00bb qode_css_animation=\u00a0\u00bb\u00a0\u00bb][\/vc_column_inner][\/vc_row_inner][vc_empty_space height=\u00a0\u00bb60px\u00a0\u00bb][vc_row_inner row_type=\u00a0\u00bbrow\u00a0\u00bb type=\u00a0\u00bbfull_width\u00a0\u00bb text_align=\u00a0\u00bbleft\u00a0\u00bb css_animation=\u00a0\u00bb\u00a0\u00bb][vc_column_inner offset=\u00a0\u00bbvc_col-lg-7&Prime;][vc_column_text css=\u00a0\u00bb\u00a0\u00bb el_class=\u00a0\u00bbtext-big\u00a0\u00bb]talons, plateaux et compens\u00e9s[\/vc_column_text][vc_empty_space height=\u00a0\u00bb30px\u00a0\u00bb][vc_column_text css=\u00a0\u00bb\u00a0\u00bb el_class=\u00a0\u00bbtext-small\u00a0\u00bb]<\/p>\n<h1>TALONS, PLATEAUX ET COMPENS\u00c9S PRENNENT VIE<\/h1>\n<p>[\/vc_column_text][vc_empty_space height=\u00a0\u00bb30px\u00a0\u00bb][vc_column_text css=\u00a0\u00bb\u00a0\u00bb]<\/p>\n<h3>Talons en vernis, talons en plexiglas, plateaux int\u00e9rieurs pour chaussures, et compens\u00e9s aux formes g\u00e9om\u00e9triques les plus originales : nous ne voulons poser aucune limite \u00e0 la cr\u00e9ativit\u00e9 des stylistes qui nous font confiance.<\/h3>\n<p>[\/vc_column_text][vc_empty_space height=\u00a0\u00bb0px\u00a0\u00bb el_class=\u00a0\u00bbemptyspace-medium\u00a0\u00bb][\/vc_column_inner][\/vc_row_inner][\/vc_column][\/vc_row][vc_row css_animation=\u00a0\u00bb\u00a0\u00bb row_type=\u00a0\u00bbrow\u00a0\u00bb use_row_as_full_screen_section=\u00a0\u00bbno\u00a0\u00bb type=\u00a0\u00bbfull_width\u00a0\u00bb angled_section=\u00a0\u00bbno\u00a0\u00bb text_align=\u00a0\u00bbleft\u00a0\u00bb background_image_as_pattern=\u00a0\u00bbwithout_pattern\u00a0\u00bb z_index=\u00a0\u00bb\u00a0\u00bb background_image=\u00a0\u00bb487&Prime; el_class=\u00a0\u00bbpadding-fullwidth-row\u00a0\u00bb][vc_column][vc_empty_space height=\u00a0\u00bb0px\u00a0\u00bb el_class=\u00a0\u00bbemptyspace-medium\u00a0\u00bb][vc_row_inner row_type=\u00a0\u00bbrow\u00a0\u00bb type=\u00a0\u00bbfull_width\u00a0\u00bb text_align=\u00a0\u00bbleft\u00a0\u00bb css_animation=\u00a0\u00bb\u00a0\u00bb][vc_column_inner offset=\u00a0\u00bbvc_col-lg-offset-2 vc_col-lg-8 vc_col-md-2&Prime;][vc_column_text css=\u00a0\u00bb\u00a0\u00bb el_class=\u00a0\u00bbtext-big white-text\u00a0\u00bb]<a href=\"https:\/\/italcompo.it\/fr\/lineapelle-ilumia-led-talons-de-luxe\/\">talons led<\/a><br \/>\n<a href=\"https:\/\/italcompo.it\/fr\/produits\/talons-vernis-et-laques\/\">talons vernis et laqu\u00e9s<\/a><br \/>\n<a href=\"https:\/\/italcompo.it\/fr\/produits\/talons-en-plexiglas\/\">talons en plexiglass<\/a><br \/>\n<a href=\"https:\/\/italcompo.it\/fr\/produits\/talons-galvanise-sur-mesure\/\">talons galvanis\u00e9s<\/a><br \/>\n<a href=\"https:\/\/italcompo.it\/fr\/produits\/talons-avec-inserts-metalliques\/\">talons avec inserts m\u00e9talliques<\/a><br \/>\n<a href=\"https:\/\/italcompo.it\/fr\/produits\/autres-types-de-talon\/\">autres types de talons<\/a>[\/vc_column_text][\/vc_column_inner][\/vc_row_inner][vc_empty_space height=\u00a0\u00bb0px\u00a0\u00bb el_class=\u00a0\u00bbemptyspace-big\u00a0\u00bb][\/vc_column][\/vc_row]<\/p>\n<\/div>","protected":false},"excerpt":{"rendered":"<p>[vc_row css_animation=\u00a0\u00bb\u00a0\u00bb row_type=\u00a0\u00bbrow\u00a0\u00bb use_row_as_full_screen_section=\u00a0\u00bbno\u00a0\u00bb type=\u00a0\u00bbfull_width\u00a0\u00bb angled_section=\u00a0\u00bbno\u00a0\u00bb text_align=\u00a0\u00bbleft\u00a0\u00bb background_image_as_pattern=\u00a0\u00bbwithout_pattern\u00a0\u00bb el_class=\u00a0\u00bbpadding-fullwidth-row\u00a0\u00bb z_index=\u00a0\u00bb\u00a0\u00bb background_image=\u00a0\u00bb486&Prime;][vc_column][vc_row_inner row_type=\u00a0\u00bbrow\u00a0\u00bb type=\u00a0\u00bbfull_width\u00a0\u00bb text_align=\u00a0\u00bbleft\u00a0\u00bb css_animation=\u00a0\u00bb\u00a0\u00bb el_class=\u00a0\u00bbz-index-bottom\u00a0\u00bb][vc_column_inner el_class=\u00a0\u00bbfirst-row-gallery-product\u00a0\u00bb width=\u00a0\u00bb1\/3&Prime; offset=\u00a0\u00bbvc_col-lg-offset-1 vc_col-lg-3 vc_col-xs-4&Prime;][vc_single_image image=\u00a0\u00bb1198&Prime; img_size=\u00a0\u00bb1300 x 1100&Prime; css=\u00a0\u00bb\u00a0\u00bb qode_css_animation=\u00a0\u00bb\u00a0\u00bb][\/vc_column_inner][vc_column_inner el_class=\u00a0\u00bbsecond-row-gallery-product\u00a0\u00bb width=\u00a0\u00bb1\/3&Prime; offset=\u00a0\u00bbvc_col-lg-3 vc_col-xs-4&Prime;][vc_single_image image=\u00a0\u00bb1222&Prime; img_size=\u00a0\u00bb600 x 880&Prime; alignment=\u00a0\u00bbcenter\u00a0\u00bb css=\u00a0\u00bb\u00a0\u00bb qode_css_animation=\u00a0\u00bb\u00a0\u00bb][\/vc_column_inner][vc_column_inner el_class=\u00a0\u00bbthird-row-gallery-product\u00a0\u00bb width=\u00a0\u00bb1\/3&Prime; offset=\u00a0\u00bbvc_col-lg-offset-2 vc_col-lg-2 vc_col-xs-4&Prime;][vc_single_image image=\u00a0\u00bb1224&Prime; img_size=\u00a0\u00bb800&#8230;<\/p>\n","protected":false},"author":2,"featured_media":0,"parent":0,"menu_order":0,"comment_status":"closed","ping_status":"closed","template":"full_width.php","meta":{"footnotes":""},"class_list":["post-1755","page","type-page","status-publish","hentry"],"yoast_head":"<!-- This site is optimized with the Yoast SEO plugin v25.6 - https:\/\/yoast.com\/wordpress\/plugins\/seo\/ -->\n<title>Produits: Talons de Luxe sur Mesure - Italcompo<\/title>\n<meta name=\"description\" content=\"Talons de luxe, talons aec plateaux, compens\u00e9s, talons en vernis, talons en plexiglas. D\u00e9couvrez nos cr\u00e9ations sur mesure\" \/>\n<meta name=\"robots\" content=\"index, follow, max-snippet:-1, max-image-preview:large, max-video-preview:-1\" \/>\n<link rel=\"canonical\" href=\"https:\/\/italcompo.it\/fr\/produits\/\" \/>\n<meta property=\"og:locale\" content=\"fr_FR\" \/>\n<meta property=\"og:type\" content=\"article\" \/>\n<meta property=\"og:title\" content=\"Produits: Talons de Luxe sur Mesure - Italcompo\" \/>\n<meta property=\"og:description\" content=\"Talons de luxe, talons aec plateaux, compens\u00e9s, talons en vernis, talons en plexiglas. D\u00e9couvrez nos cr\u00e9ations sur mesure\" \/>\n<meta property=\"og:url\" content=\"https:\/\/italcompo.it\/fr\/produits\/\" \/>\n<meta property=\"og:site_name\" content=\"Italcompo\" \/>\n<meta property=\"article:publisher\" content=\"https:\/\/www.facebook.com\/italcompo?locale=it_IT\" \/>\n<meta property=\"article:modified_time\" content=\"2025-02-03T09:57:26+00:00\" \/>\n<meta name=\"twitter:card\" content=\"summary_large_image\" \/>\n<meta name=\"twitter:label1\" content=\"Dur\u00e9e de lecture estim\u00e9e\" \/>\n\t<meta name=\"twitter:data1\" content=\"3 minutes\" \/>\n<script type=\"application\/ld+json\" class=\"yoast-schema-graph\">{\"@context\":\"https:\/\/schema.org\",\"@graph\":[{\"@type\":\"WebPage\",\"@id\":\"https:\/\/italcompo.it\/fr\/produits\/\",\"url\":\"https:\/\/italcompo.it\/fr\/produits\/\",\"name\":\"Produits: Talons de Luxe sur Mesure - Italcompo\",\"isPartOf\":{\"@id\":\"https:\/\/italcompo.it\/fr\/#website\"},\"datePublished\":\"2024-06-28T12:16:39+00:00\",\"dateModified\":\"2025-02-03T09:57:26+00:00\",\"description\":\"Talons de luxe, talons aec plateaux, compens\u00e9s, talons en vernis, talons en plexiglas. D\u00e9couvrez nos cr\u00e9ations sur mesure\",\"breadcrumb\":{\"@id\":\"https:\/\/italcompo.it\/fr\/produits\/#breadcrumb\"},\"inLanguage\":\"fr-FR\",\"potentialAction\":[{\"@type\":\"ReadAction\",\"target\":[\"https:\/\/italcompo.it\/fr\/produits\/\"]}]},{\"@type\":\"BreadcrumbList\",\"@id\":\"https:\/\/italcompo.it\/fr\/produits\/#breadcrumb\",\"itemListElement\":[{\"@type\":\"ListItem\",\"position\":1,\"name\":\"Home\",\"item\":\"https:\/\/italcompo.it\/fr\/\"},{\"@type\":\"ListItem\",\"position\":2,\"name\":\"Produits\"}]},{\"@type\":\"WebSite\",\"@id\":\"https:\/\/italcompo.it\/fr\/#website\",\"url\":\"https:\/\/italcompo.it\/fr\/\",\"name\":\"Italcompo\",\"description\":\"tacchificio per l&#039;alta moda\",\"publisher\":{\"@id\":\"https:\/\/italcompo.it\/fr\/#organization\"},\"potentialAction\":[{\"@type\":\"SearchAction\",\"target\":{\"@type\":\"EntryPoint\",\"urlTemplate\":\"https:\/\/italcompo.it\/fr\/?s={search_term_string}\"},\"query-input\":{\"@type\":\"PropertyValueSpecification\",\"valueRequired\":true,\"valueName\":\"search_term_string\"}}],\"inLanguage\":\"fr-FR\"},{\"@type\":\"Organization\",\"@id\":\"https:\/\/italcompo.it\/fr\/#organization\",\"name\":\"Italcompo Srl\",\"url\":\"https:\/\/italcompo.it\/fr\/\",\"logo\":{\"@type\":\"ImageObject\",\"inLanguage\":\"fr-FR\",\"@id\":\"https:\/\/italcompo.it\/fr\/#\/schema\/logo\/image\/\",\"url\":\"https:\/\/italcompo.it\/wp-content\/uploads\/2024\/07\/logo-italcompo-header.svg\",\"contentUrl\":\"https:\/\/italcompo.it\/wp-content\/uploads\/2024\/07\/logo-italcompo-header.svg\",\"width\":240,\"height\":95,\"caption\":\"Italcompo Srl\"},\"image\":{\"@id\":\"https:\/\/italcompo.it\/fr\/#\/schema\/logo\/image\/\"},\"sameAs\":[\"https:\/\/www.facebook.com\/italcompo?locale=it_IT\",\"https:\/\/www.instagram.com\/italcompo_srl\/\",\"https:\/\/www.youtube.com\/@Italcompo\",\"https:\/\/www.linkedin.com\/company\/italcompo\/\"]}]}<\/script>\n<!-- \/ Yoast SEO plugin. -->","yoast_head_json":{"title":"Produits: Talons de Luxe sur Mesure - Italcompo","description":"Talons de luxe, talons aec plateaux, compens\u00e9s, talons en vernis, talons en plexiglas. D\u00e9couvrez nos cr\u00e9ations sur mesure","robots":{"index":"index","follow":"follow","max-snippet":"max-snippet:-1","max-image-preview":"max-image-preview:large","max-video-preview":"max-video-preview:-1"},"canonical":"https:\/\/italcompo.it\/fr\/produits\/","og_locale":"fr_FR","og_type":"article","og_title":"Produits: Talons de Luxe sur Mesure - Italcompo","og_description":"Talons de luxe, talons aec plateaux, compens\u00e9s, talons en vernis, talons en plexiglas. D\u00e9couvrez nos cr\u00e9ations sur mesure","og_url":"https:\/\/italcompo.it\/fr\/produits\/","og_site_name":"Italcompo","article_publisher":"https:\/\/www.facebook.com\/italcompo?locale=it_IT","article_modified_time":"2025-02-03T09:57:26+00:00","twitter_card":"summary_large_image","twitter_misc":{"Dur\u00e9e de lecture estim\u00e9e":"3 minutes"},"schema":{"@context":"https:\/\/schema.org","@graph":[{"@type":"WebPage","@id":"https:\/\/italcompo.it\/fr\/produits\/","url":"https:\/\/italcompo.it\/fr\/produits\/","name":"Produits: Talons de Luxe sur Mesure - Italcompo","isPartOf":{"@id":"https:\/\/italcompo.it\/fr\/#website"},"datePublished":"2024-06-28T12:16:39+00:00","dateModified":"2025-02-03T09:57:26+00:00","description":"Talons de luxe, talons aec plateaux, compens\u00e9s, talons en vernis, talons en plexiglas. D\u00e9couvrez nos cr\u00e9ations sur mesure","breadcrumb":{"@id":"https:\/\/italcompo.it\/fr\/produits\/#breadcrumb"},"inLanguage":"fr-FR","potentialAction":[{"@type":"ReadAction","target":["https:\/\/italcompo.it\/fr\/produits\/"]}]},{"@type":"BreadcrumbList","@id":"https:\/\/italcompo.it\/fr\/produits\/#breadcrumb","itemListElement":[{"@type":"ListItem","position":1,"name":"Home","item":"https:\/\/italcompo.it\/fr\/"},{"@type":"ListItem","position":2,"name":"Produits"}]},{"@type":"WebSite","@id":"https:\/\/italcompo.it\/fr\/#website","url":"https:\/\/italcompo.it\/fr\/","name":"Italcompo","description":"tacchificio per l&#039;alta moda","publisher":{"@id":"https:\/\/italcompo.it\/fr\/#organization"},"potentialAction":[{"@type":"SearchAction","target":{"@type":"EntryPoint","urlTemplate":"https:\/\/italcompo.it\/fr\/?s={search_term_string}"},"query-input":{"@type":"PropertyValueSpecification","valueRequired":true,"valueName":"search_term_string"}}],"inLanguage":"fr-FR"},{"@type":"Organization","@id":"https:\/\/italcompo.it\/fr\/#organization","name":"Italcompo Srl","url":"https:\/\/italcompo.it\/fr\/","logo":{"@type":"ImageObject","inLanguage":"fr-FR","@id":"https:\/\/italcompo.it\/fr\/#\/schema\/logo\/image\/","url":"https:\/\/italcompo.it\/wp-content\/uploads\/2024\/07\/logo-italcompo-header.svg","contentUrl":"https:\/\/italcompo.it\/wp-content\/uploads\/2024\/07\/logo-italcompo-header.svg","width":240,"height":95,"caption":"Italcompo Srl"},"image":{"@id":"https:\/\/italcompo.it\/fr\/#\/schema\/logo\/image\/"},"sameAs":["https:\/\/www.facebook.com\/italcompo?locale=it_IT","https:\/\/www.instagram.com\/italcompo_srl\/","https:\/\/www.youtube.com\/@Italcompo","https:\/\/www.linkedin.com\/company\/italcompo\/"]}]}},"_links":{"self":[{"href":"https:\/\/italcompo.it\/fr\/wp-json\/wp\/v2\/pages\/1755","targetHints":{"allow":["GET"]}}],"collection":[{"href":"https:\/\/italcompo.it\/fr\/wp-json\/wp\/v2\/pages"}],"about":[{"href":"https:\/\/italcompo.it\/fr\/wp-json\/wp\/v2\/types\/page"}],"author":[{"embeddable":true,"href":"https:\/\/italcompo.it\/fr\/wp-json\/wp\/v2\/users\/2"}],"replies":[{"embeddable":true,"href":"https:\/\/italcompo.it\/fr\/wp-json\/wp\/v2\/comments?post=1755"}],"version-history":[{"count":3,"href":"https:\/\/italcompo.it\/fr\/wp-json\/wp\/v2\/pages\/1755\/revisions"}],"predecessor-version":[{"id":2140,"href":"https:\/\/italcompo.it\/fr\/wp-json\/wp\/v2\/pages\/1755\/revisions\/2140"}],"wp:attachment":[{"href":"https:\/\/italcompo.it\/fr\/wp-json\/wp\/v2\/media?parent=1755"}],"curies":[{"name":"wp","href":"https:\/\/api.w.org\/{rel}","templated":true}]}}