{"id":1701,"date":"2024-06-28T14:39:57","date_gmt":"2024-06-28T12:39:57","guid":{"rendered":"https:\/\/italcompo.it\/?page_id=1701"},"modified":"2025-08-25T11:23:41","modified_gmt":"2025-08-25T09:23:41","slug":"contacts","status":"publish","type":"page","link":"https:\/\/italcompo.it\/fr\/contacts\/","title":{"rendered":"Contacts"},"content":{"rendered":"<div class=\"wpb-content-wrapper\"><p>[vc_row css_animation=\u00a0\u00bb\u00a0\u00bb row_type=\u00a0\u00bbrow\u00a0\u00bb use_row_as_full_screen_section=\u00a0\u00bbno\u00a0\u00bb type=\u00a0\u00bbfull_width\u00a0\u00bb angled_section=\u00a0\u00bbno\u00a0\u00bb text_align=\u00a0\u00bbleft\u00a0\u00bb background_image_as_pattern=\u00a0\u00bbwithout_pattern\u00a0\u00bb z_index=\u00a0\u00bb\u00a0\u00bb el_class=\u00a0\u00bbpadding-fullwidth-row bg-contatti\u00a0\u00bb background_color=\u00a0\u00bb#000000&Prime;][vc_column offset=\u00a0\u00bbvc_col-lg-offset-3 vc_col-lg-6 vc_col-md-offset-2 vc_col-md-8&Prime;][vc_row_inner row_type=\u00a0\u00bbrow\u00a0\u00bb type=\u00a0\u00bbfull_width\u00a0\u00bb text_align=\u00a0\u00bbleft\u00a0\u00bb css_animation=\u00a0\u00bb\u00a0\u00bb][vc_column_inner offset=\u00a0\u00bbvc_hidden-md vc_hidden-sm vc_hidden-xs\u00a0\u00bb][vc_empty_space height=\u00a0\u00bb250px\u00a0\u00bb][\/vc_column_inner][\/vc_row_inner][vc_empty_space height=\u00a0\u00bb100px\u00a0\u00bb][vc_column_text css=\u00a0\u00bb\u00a0\u00bb el_class=\u00a0\u00bbwhite-text\u00a0\u00bb]<\/p>\n<h1>des id\u00e9es prennent vie<br \/>\n<span class=\"text-big\">ITALCOMPO<\/span><\/h1>\n<p>[\/vc_column_text][vc_empty_space height=\u00a0\u00bb10px\u00a0\u00bb][vc_column_text css=\u00a0\u00bb\u00a0\u00bb el_class=\u00a0\u00bbwhite-text\u00a0\u00bb]<\/p>\n<h3>Nous donnons vie aux id\u00e9es, inspirations et tendances des stylistes, cr\u00e9atifs et marques de haute couture.<br \/>\nNous fa\u00e7onnons des talons qui magnifient l&rsquo;essence du concept et le style cr\u00e9atif.<\/h3>\n<p>[\/vc_column_text][vc_empty_space height=\u00a0\u00bb30px\u00a0\u00bb][vc_column_text css=\u00a0\u00bb\u00a0\u00bb el_class=\u00a0\u00bbwhite-text text-small\u00a0\u00bb]<strong>Italcompo Srl<\/strong><br \/>\nN\u00b0 de TVA: 13110500157<br \/>\nC.F.: 02402360123<br \/>\nBureaux: via E.Mattei 6 20003 Casorezzo \u2013 Milano<br \/>\nEntrep\u00f4t: via G.Brodolini 2 20003 Casorezzo \u2013 Milano<br \/>\nT. (+39) 0331 401111<br \/>\nE. info@italcompo.it<br \/>\nE. amministrazione@italcompo.it[\/vc_column_text][vc_empty_space height=\u00a0\u00bb0px\u00a0\u00bb el_class=\u00a0\u00bbemptyspace-big\u00a0\u00bb][\/vc_column][\/vc_row][vc_row css_animation=\u00a0\u00bb\u00a0\u00bb row_type=\u00a0\u00bbrow\u00a0\u00bb use_row_as_full_screen_section=\u00a0\u00bbno\u00a0\u00bb type=\u00a0\u00bbgrid\u00a0\u00bb angled_section=\u00a0\u00bbno\u00a0\u00bb text_align=\u00a0\u00bbleft\u00a0\u00bb background_image_as_pattern=\u00a0\u00bbwithout_pattern\u00a0\u00bb z_index=\u00a0\u00bb\u00a0\u00bb][vc_column offset=\u00a0\u00bbvc_col-lg-offset-2 vc_col-lg-8 vc_col-md-2&Prime;][vc_empty_space height=\u00a0\u00bb0px\u00a0\u00bb el_class=\u00a0\u00bbemptyspace-big\u00a0\u00bb][vc_column_text css=\u00a0\u00bb\u00a0\u00bb]<\/p>\n<h3>Contactez-nous pour des informations ou des demandes de collaboration.<\/h3>\n<p>[\/vc_column_text][vc_empty_space height=\u00a0\u00bb30px\u00a0\u00bb][vc_row_inner row_type=\u00a0\u00bbrow\u00a0\u00bb type=\u00a0\u00bbfull_width\u00a0\u00bb text_align=\u00a0\u00bbleft\u00a0\u00bb css_animation=\u00a0\u00bb\u00a0\u00bb][vc_column_inner]\n<div class=\"wpcf7 no-js\" id=\"wpcf7-f1727-o1\" lang=\"fr-FR\" dir=\"ltr\" data-wpcf7-id=\"1727\">\n<div class=\"screen-reader-response\"><p role=\"status\" aria-live=\"polite\" aria-atomic=\"true\"><\/p> <ul><\/ul><\/div>\n<form action=\"\/fr\/wp-json\/wp\/v2\/pages\/1701#wpcf7-f1727-o1\" method=\"post\" class=\"wpcf7-form init cf7_custom_style_1\" aria-label=\"Formulaire de contact\" novalidate=\"novalidate\" data-status=\"init\">\n<fieldset class=\"hidden-fields-container\"><input type=\"hidden\" name=\"_wpcf7\" value=\"1727\" \/><input type=\"hidden\" name=\"_wpcf7_version\" value=\"6.1\" \/><input type=\"hidden\" name=\"_wpcf7_locale\" value=\"fr_FR\" \/><input type=\"hidden\" name=\"_wpcf7_unit_tag\" value=\"wpcf7-f1727-o1\" \/><input type=\"hidden\" name=\"_wpcf7_container_post\" value=\"0\" \/><input type=\"hidden\" name=\"_wpcf7_posted_data_hash\" value=\"\" \/>\n<\/fieldset>\n<p><span class=\"wpcf7-form-control-wrap\" data-name=\"your-name\"><input size=\"40\" maxlength=\"400\" class=\"wpcf7-form-control wpcf7-text wpcf7-validates-as-required\" autocomplete=\"name\" aria-required=\"true\" aria-invalid=\"false\" placeholder=\"nom\" value=\"\" type=\"text\" name=\"your-name\" \/><\/span>\n<\/p>\n<p><span class=\"wpcf7-form-control-wrap\" data-name=\"your-email\"><input size=\"40\" maxlength=\"400\" class=\"wpcf7-form-control wpcf7-email wpcf7-validates-as-required wpcf7-text wpcf7-validates-as-email\" autocomplete=\"email\" aria-required=\"true\" aria-invalid=\"false\" placeholder=\"email\" value=\"\" type=\"email\" name=\"your-email\" \/><\/span>\n<\/p>\n<p><span class=\"wpcf7-form-control-wrap\" data-name=\"azienda\"><input size=\"40\" maxlength=\"400\" class=\"wpcf7-form-control wpcf7-text wpcf7-validates-as-required\" aria-required=\"true\" aria-invalid=\"false\" placeholder=\"entreprise\" value=\"\" type=\"text\" name=\"azienda\" \/><\/span>\n<\/p>\n<p><span class=\"wpcf7-form-control-wrap\" data-name=\"paese\"><input size=\"40\" maxlength=\"400\" class=\"wpcf7-form-control wpcf7-text wpcf7-validates-as-required\" aria-required=\"true\" aria-invalid=\"false\" placeholder=\"pays\" value=\"\" type=\"text\" name=\"paese\" \/><\/span>\n<\/p>\n<p><span class=\"wpcf7-form-control-wrap\" data-name=\"your-subject\"><input size=\"40\" maxlength=\"400\" class=\"wpcf7-form-control wpcf7-text wpcf7-validates-as-required\" aria-required=\"true\" aria-invalid=\"false\" placeholder=\"objet\" value=\"\" type=\"text\" name=\"your-subject\" \/><\/span>\n<\/p>\n<p><span class=\"wpcf7-form-control-wrap\" data-name=\"your-message\"><textarea cols=\"40\" rows=\"10\" maxlength=\"2000\" class=\"wpcf7-form-control wpcf7-textarea\" aria-invalid=\"false\" placeholder=\"message\" name=\"your-message\"><\/textarea><\/span>\n<\/p>\n<p style=\"font-size:12px; margin-top: 40px;\"><span class=\"wpcf7-form-control-wrap\" data-name=\"Accettoprivacy\"><span class=\"wpcf7-form-control wpcf7-acceptance\"><span class=\"wpcf7-list-item\"><input type=\"checkbox\" name=\"Accettoprivacy\" value=\"1\" aria-invalid=\"false\" \/><\/span><\/span><\/span> J'ai pris connaissance de la <a href=\"https:\/\/italcompo.it\/fr\/politique-de-confidentialite-cookie\/\" target=\"_blank\" title=\"informativa sulla privacy\"><strong>politique de confidentialit\u00e9<\/strong><\/a> et j'accepte le traitement de mes donn\u00e9es personnelles conform\u00e9ment au R\u00e8glement UE 2016\/679 et \u00e0 la l\u00e9gislation nationale en vigueur en mati\u00e8re de confidentialit\u00e9.\n<\/p>\n<p style=\"margin: 40px 0px;\">\n<div class=\"wpcf7-turnstile cf-turnstile\" data-sitekey=\"0x4AAAAAABlk6RT11XeUYB60\" data-response-field-name=\"_wpcf7_turnstile_response\"><\/div>\n<p><input class=\"wpcf7-form-control wpcf7-submit has-spinner\" type=\"submit\" value=\"+ Envoyer\" \/>\n<\/p><div class=\"wpcf7-response-output\" aria-hidden=\"true\"><\/div>\n<\/form>\n<\/div>\n[\/vc_column_inner][\/vc_row_inner][vc_empty_space height=\u00a0\u00bb0px\u00a0\u00bb el_class=\u00a0\u00bbemptyspace-big\u00a0\u00bb][\/vc_column][\/vc_row][vc_row css_animation=\u00a0\u00bb\u00a0\u00bb row_type=\u00a0\u00bbrow\u00a0\u00bb use_row_as_full_screen_section=\u00a0\u00bbno\u00a0\u00bb type=\u00a0\u00bbfull_width\u00a0\u00bb angled_section=\u00a0\u00bbno\u00a0\u00bb text_align=\u00a0\u00bbleft\u00a0\u00bb background_image_as_pattern=\u00a0\u00bbwithout_pattern\u00a0\u00bb][vc_column]\n\t\t\t<!-- START SliderGallery REVOLUTION SLIDER 6.7.34 --><p class=\"rs-p-wp-fix\"><\/p>\n\t\t\t<rs-module-wrap id=\"rev_slider_1_1_wrapper\" data-source=\"gallery\" style=\"visibility:hidden;background:#000000;padding:0px;margin:0px auto;margin-top:0;margin-bottom:0;\">\n\t\t\t\t<rs-module id=\"rev_slider_1_1\" style=\"\" data-version=\"6.7.34\">\n\t\t\t\t\t<rs-slides style=\"overflow: hidden; position: absolute;\">\n\t\t\t\t\t\t<rs-slide style=\"position: absolute;\" data-key=\"rs-1\" data-title=\"Oro\" data-in=\"o:0;\" data-out=\"a:false;\">\n\t\t\t\t\t\t\t<img decoding=\"async\" src=\"\/\/italcompo.it\/wp-content\/plugins\/revslider\/sr6\/assets\/assets\/dummy.png\" alt=\"Oro\" title=\"Contacts\" class=\"rev-slidebg tp-rs-img rs-lazyload\" data-lazyload=\"\/\/italcompo.it\/wp-content\/plugins\/revslider\/sr6\/assets\/assets\/transparent.png\" data-no-retina>\n<!--\n\t\t\t\t\t\t\t--><rs-layer\n\t\t\t\t\t\t\t\tid=\"slider-1-slide-1-layer-0\" \n\t\t\t\t\t\t\t\tdata-type=\"shape\"\n\t\t\t\t\t\t\t\tdata-rsp_ch=\"on\"\n\t\t\t\t\t\t\t\tdata-text=\"w:normal;\"\n\t\t\t\t\t\t\t\tdata-dim=\"w:100%;h:100%;\"\n\t\t\t\t\t\t\t\tdata-frame_999=\"o:0;st:w;\"\n\t\t\t\t\t\t\t\tstyle=\"z-index:6;background-color:#232020;\"\n\t\t\t\t\t\t\t><rs-bg-elem style=\"background: url('\/\/italcompo.it\/wp-content\/uploads\/2024\/07\/gallery-001.jpg') no-repeat center center; background-size: cover;\"><\/rs-bg-elem>\n \n\t\t\t\t\t\t\t<\/rs-layer><!--\n-->\t\t\t\t\t<\/rs-slide>\n\t\t\t\t\t\t<rs-slide style=\"position: absolute;\" data-key=\"rs-14\" data-title=\"Prezioso\" data-in=\"o:0;\" data-out=\"a:false;\">\n\t\t\t\t\t\t\t<img decoding=\"async\" src=\"\/\/italcompo.it\/wp-content\/plugins\/revslider\/sr6\/assets\/assets\/dummy.png\" alt=\"Prezioso\" title=\"Contacts\" class=\"rev-slidebg tp-rs-img rs-lazyload\" data-lazyload=\"\/\/italcompo.it\/wp-content\/plugins\/revslider\/sr6\/assets\/assets\/transparent.png\" data-no-retina>\n<!--\n\t\t\t\t\t\t\t--><rs-layer\n\t\t\t\t\t\t\t\tid=\"slider-1-slide-14-layer-0\" \n\t\t\t\t\t\t\t\tdata-type=\"shape\"\n\t\t\t\t\t\t\t\tdata-rsp_ch=\"on\"\n\t\t\t\t\t\t\t\tdata-text=\"w:normal;\"\n\t\t\t\t\t\t\t\tdata-dim=\"w:100%;h:100%;\"\n\t\t\t\t\t\t\t\tdata-frame_999=\"o:0;st:w;\"\n\t\t\t\t\t\t\t\tstyle=\"z-index:6;background-color:#232020;\"\n\t\t\t\t\t\t\t><rs-bg-elem style=\"background: url('\/\/italcompo.it\/wp-content\/uploads\/2024\/08\/gallery-008.jpg') no-repeat center center; background-size: cover;\"><\/rs-bg-elem>\n \n\t\t\t\t\t\t\t<\/rs-layer><!--\n-->\t\t\t\t\t<\/rs-slide>\n\t\t\t\t\t\t<rs-slide style=\"position: absolute;\" data-key=\"rs-13\" data-title=\"Serpente\" data-in=\"o:0;\" data-out=\"a:false;\">\n\t\t\t\t\t\t\t<img decoding=\"async\" src=\"\/\/italcompo.it\/wp-content\/plugins\/revslider\/sr6\/assets\/assets\/dummy.png\" alt=\"Serpente\" title=\"Contacts\" class=\"rev-slidebg tp-rs-img rs-lazyload\" data-lazyload=\"\/\/italcompo.it\/wp-content\/plugins\/revslider\/sr6\/assets\/assets\/transparent.png\" data-no-retina>\n<!--\n\t\t\t\t\t\t\t--><rs-layer\n\t\t\t\t\t\t\t\tid=\"slider-1-slide-13-layer-0\" \n\t\t\t\t\t\t\t\tdata-type=\"shape\"\n\t\t\t\t\t\t\t\tdata-rsp_ch=\"on\"\n\t\t\t\t\t\t\t\tdata-text=\"w:normal;\"\n\t\t\t\t\t\t\t\tdata-dim=\"w:100%;h:100%;\"\n\t\t\t\t\t\t\t\tdata-frame_999=\"o:0;st:w;\"\n\t\t\t\t\t\t\t\tstyle=\"z-index:6;background-color:#232020;\"\n\t\t\t\t\t\t\t><rs-bg-elem style=\"background: url('\/\/italcompo.it\/wp-content\/uploads\/2024\/08\/gallery-006.jpg') no-repeat center center; background-size: cover;\"><\/rs-bg-elem>\n \n\t\t\t\t\t\t\t<\/rs-layer><!--\n-->\t\t\t\t\t<\/rs-slide>\n\t\t\t\t\t\t<rs-slide style=\"position: absolute;\" data-key=\"rs-9\" data-title=\"Geometrico\" data-in=\"o:0;\" data-out=\"a:false;\">\n\t\t\t\t\t\t\t<img decoding=\"async\" src=\"\/\/italcompo.it\/wp-content\/plugins\/revslider\/sr6\/assets\/assets\/dummy.png\" alt=\"Geometrico\" title=\"Contacts\" class=\"rev-slidebg tp-rs-img rs-lazyload\" data-lazyload=\"\/\/italcompo.it\/wp-content\/plugins\/revslider\/sr6\/assets\/assets\/transparent.png\" data-no-retina>\n<!--\n\t\t\t\t\t\t\t--><rs-layer\n\t\t\t\t\t\t\t\tid=\"slider-1-slide-9-layer-0\" \n\t\t\t\t\t\t\t\tdata-type=\"shape\"\n\t\t\t\t\t\t\t\tdata-rsp_ch=\"on\"\n\t\t\t\t\t\t\t\tdata-text=\"w:normal;\"\n\t\t\t\t\t\t\t\tdata-dim=\"w:100%;h:100%;\"\n\t\t\t\t\t\t\t\tdata-frame_999=\"o:0;st:w;\"\n\t\t\t\t\t\t\t\tstyle=\"z-index:6;background-color:#232020;\"\n\t\t\t\t\t\t\t><rs-bg-elem style=\"background: url('\/\/italcompo.it\/wp-content\/uploads\/2024\/07\/gallery-003.jpg') no-repeat center center; background-size: cover;\"><\/rs-bg-elem>\n \n\t\t\t\t\t\t\t<\/rs-layer><!--\n-->\t\t\t\t\t<\/rs-slide>\n\t\t\t\t\t\t<rs-slide style=\"position: absolute;\" data-key=\"rs-11\" data-title=\"Squadrato\" data-in=\"o:0;\" data-out=\"a:false;\">\n\t\t\t\t\t\t\t<img decoding=\"async\" src=\"\/\/italcompo.it\/wp-content\/plugins\/revslider\/sr6\/assets\/assets\/dummy.png\" alt=\"Squadrato\" title=\"Contacts\" class=\"rev-slidebg tp-rs-img rs-lazyload\" data-lazyload=\"\/\/italcompo.it\/wp-content\/plugins\/revslider\/sr6\/assets\/assets\/transparent.png\" data-no-retina>\n<!--\n\t\t\t\t\t\t\t--><rs-layer\n\t\t\t\t\t\t\t\tid=\"slider-1-slide-11-layer-0\" \n\t\t\t\t\t\t\t\tdata-type=\"shape\"\n\t\t\t\t\t\t\t\tdata-rsp_ch=\"on\"\n\t\t\t\t\t\t\t\tdata-text=\"w:normal;\"\n\t\t\t\t\t\t\t\tdata-dim=\"w:100%;h:100%;\"\n\t\t\t\t\t\t\t\tdata-frame_999=\"o:0;st:w;\"\n\t\t\t\t\t\t\t\tstyle=\"z-index:6;background-color:#232020;\"\n\t\t\t\t\t\t\t><rs-bg-elem style=\"background: url('\/\/italcompo.it\/wp-content\/uploads\/2024\/07\/Gallery-007.jpg') no-repeat center center; background-size: cover;\"><\/rs-bg-elem>\n \n\t\t\t\t\t\t\t<\/rs-layer><!--\n-->\t\t\t\t\t<\/rs-slide>\n\t\t\t\t\t\t<rs-slide style=\"position: absolute;\" data-key=\"rs-10\" data-title=\"Corona\" data-in=\"o:0;\" data-out=\"a:false;\">\n\t\t\t\t\t\t\t<img decoding=\"async\" src=\"\/\/italcompo.it\/wp-content\/plugins\/revslider\/sr6\/assets\/assets\/dummy.png\" alt=\"Corona\" title=\"Contacts\" class=\"rev-slidebg tp-rs-img rs-lazyload\" data-lazyload=\"\/\/italcompo.it\/wp-content\/plugins\/revslider\/sr6\/assets\/assets\/transparent.png\" data-no-retina>\n<!--\n\t\t\t\t\t\t\t--><rs-layer\n\t\t\t\t\t\t\t\tid=\"slider-1-slide-10-layer-0\" \n\t\t\t\t\t\t\t\tdata-type=\"shape\"\n\t\t\t\t\t\t\t\tdata-rsp_ch=\"on\"\n\t\t\t\t\t\t\t\tdata-text=\"w:normal;\"\n\t\t\t\t\t\t\t\tdata-dim=\"w:100%;h:100%;\"\n\t\t\t\t\t\t\t\tdata-frame_999=\"o:0;st:w;\"\n\t\t\t\t\t\t\t\tstyle=\"z-index:6;background-color:#232020;\"\n\t\t\t\t\t\t\t><rs-bg-elem style=\"background: url('\/\/italcompo.it\/wp-content\/uploads\/2024\/08\/gallery-004.jpg') no-repeat center center; background-size: cover;\"><\/rs-bg-elem>\n \n\t\t\t\t\t\t\t<\/rs-layer><!--\n-->\t\t\t\t\t<\/rs-slide>\n\t\t\t\t\t\t<rs-slide style=\"position: absolute;\" data-key=\"rs-12\" data-title=\"Trono\" data-in=\"o:0;\" data-out=\"a:false;\">\n\t\t\t\t\t\t\t<img decoding=\"async\" src=\"\/\/italcompo.it\/wp-content\/plugins\/revslider\/sr6\/assets\/assets\/dummy.png\" alt=\"Trono\" title=\"Contacts\" class=\"rev-slidebg tp-rs-img rs-lazyload\" data-lazyload=\"\/\/italcompo.it\/wp-content\/plugins\/revslider\/sr6\/assets\/assets\/transparent.png\" data-no-retina>\n<!--\n\t\t\t\t\t\t\t--><rs-layer\n\t\t\t\t\t\t\t\tid=\"slider-1-slide-12-layer-0\" \n\t\t\t\t\t\t\t\tdata-type=\"shape\"\n\t\t\t\t\t\t\t\tdata-rsp_ch=\"on\"\n\t\t\t\t\t\t\t\tdata-text=\"w:normal;\"\n\t\t\t\t\t\t\t\tdata-dim=\"w:100%;h:100%;\"\n\t\t\t\t\t\t\t\tdata-frame_999=\"o:0;st:w;\"\n\t\t\t\t\t\t\t\tstyle=\"z-index:6;background-color:#232020;\"\n\t\t\t\t\t\t\t><rs-bg-elem style=\"background: url('\/\/italcompo.it\/wp-content\/uploads\/2024\/08\/gallery-005.jpg') no-repeat center center; background-size: cover;\"><\/rs-bg-elem>\n \n\t\t\t\t\t\t\t<\/rs-layer><!--\n-->\t\t\t\t\t<\/rs-slide>\n\t\t\t\t\t<\/rs-slides>\n\t\t\t\t<\/rs-module>\n\t\t\t\t<script>\n\t\t\t\t\tsetREVStartSize({c: 'rev_slider_1_1',rl:[1240,1024,778,480],el:[900],gw:[600],gh:[900],type:'carousel',justify:'',layout:'fullwidth',mh:\"0\"});if (window.RS_MODULES!==undefined && window.RS_MODULES.modules!==undefined && window.RS_MODULES.modules[\"revslider11\"]!==undefined) {window.RS_MODULES.modules[\"revslider11\"].once = false;window.revapi1 = undefined;if (window.RS_MODULES.checkMinimal!==undefined) window.RS_MODULES.checkMinimal()}\n\t\t\t\t<\/script>\n\t\t\t<\/rs-module-wrap>\n\t\t\t<!-- END REVOLUTION SLIDER -->\n[\/vc_column][\/vc_row]<\/p>\n<\/div>","protected":false},"excerpt":{"rendered":"<p>[vc_row css_animation=\u00a0\u00bb\u00a0\u00bb row_type=\u00a0\u00bbrow\u00a0\u00bb use_row_as_full_screen_section=\u00a0\u00bbno\u00a0\u00bb type=\u00a0\u00bbfull_width\u00a0\u00bb angled_section=\u00a0\u00bbno\u00a0\u00bb text_align=\u00a0\u00bbleft\u00a0\u00bb background_image_as_pattern=\u00a0\u00bbwithout_pattern\u00a0\u00bb z_index=\u00a0\u00bb\u00a0\u00bb el_class=\u00a0\u00bbpadding-fullwidth-row bg-contatti\u00a0\u00bb background_color=\u00a0\u00bb#000000&Prime;][vc_column offset=\u00a0\u00bbvc_col-lg-offset-3 vc_col-lg-6 vc_col-md-offset-2 vc_col-md-8&Prime;][vc_row_inner row_type=\u00a0\u00bbrow\u00a0\u00bb type=\u00a0\u00bbfull_width\u00a0\u00bb text_align=\u00a0\u00bbleft\u00a0\u00bb css_animation=\u00a0\u00bb\u00a0\u00bb][vc_column_inner offset=\u00a0\u00bbvc_hidden-md vc_hidden-sm vc_hidden-xs\u00a0\u00bb][vc_empty_space height=\u00a0\u00bb250px\u00a0\u00bb][\/vc_column_inner][\/vc_row_inner][vc_empty_space height=\u00a0\u00bb100px\u00a0\u00bb][vc_column_text css=\u00a0\u00bb\u00a0\u00bb el_class=\u00a0\u00bbwhite-text\u00a0\u00bb] des id\u00e9es prennent vie ITALCOMPO [\/vc_column_text][vc_empty_space height=\u00a0\u00bb10px\u00a0\u00bb][vc_column_text css=\u00a0\u00bb\u00a0\u00bb el_class=\u00a0\u00bbwhite-text\u00a0\u00bb] Nous donnons vie aux id\u00e9es, inspirations et tendances des&#8230;<\/p>\n","protected":false},"author":1,"featured_media":0,"parent":0,"menu_order":0,"comment_status":"closed","ping_status":"closed","template":"full_width.php","meta":{"footnotes":""},"class_list":["post-1701","page","type-page","status-publish","hentry"],"yoast_head":"<!-- This site is optimized with the Yoast SEO plugin v25.6 - https:\/\/yoast.com\/wordpress\/plugins\/seo\/ -->\n<title>Contacts - Italcompo<\/title>\n<meta name=\"description\" content=\"Nous sommes une tannerie historique pr\u00e8s de Milan. Nous fabriquons des talons sur mesure pour les maisons de haute couture. Contactez-nous pour plus d&#039;informations.\" \/>\n<meta name=\"robots\" content=\"index, follow, max-snippet:-1, max-image-preview:large, max-video-preview:-1\" \/>\n<link rel=\"canonical\" href=\"https:\/\/italcompo.it\/fr\/contacts\/\" \/>\n<meta property=\"og:locale\" content=\"fr_FR\" \/>\n<meta property=\"og:type\" content=\"article\" \/>\n<meta property=\"og:title\" content=\"Contacts - Italcompo\" \/>\n<meta property=\"og:description\" content=\"Nous sommes une tannerie historique pr\u00e8s de Milan. Nous fabriquons des talons sur mesure pour les maisons de haute couture. Contactez-nous pour plus d&#039;informations.\" \/>\n<meta property=\"og:url\" content=\"https:\/\/italcompo.it\/fr\/contacts\/\" \/>\n<meta property=\"og:site_name\" content=\"Italcompo\" \/>\n<meta property=\"article:publisher\" content=\"https:\/\/www.facebook.com\/italcompo?locale=it_IT\" \/>\n<meta property=\"article:modified_time\" content=\"2025-08-25T09:23:41+00:00\" \/>\n<meta name=\"twitter:card\" content=\"summary_large_image\" \/>\n<meta name=\"twitter:label1\" content=\"Dur\u00e9e de lecture estim\u00e9e\" \/>\n\t<meta name=\"twitter:data1\" content=\"1 minute\" \/>\n<script type=\"application\/ld+json\" class=\"yoast-schema-graph\">{\"@context\":\"https:\/\/schema.org\",\"@graph\":[{\"@type\":\"WebPage\",\"@id\":\"https:\/\/italcompo.it\/fr\/contacts\/\",\"url\":\"https:\/\/italcompo.it\/fr\/contacts\/\",\"name\":\"Contacts - Italcompo\",\"isPartOf\":{\"@id\":\"https:\/\/italcompo.it\/fr\/#website\"},\"datePublished\":\"2024-06-28T12:39:57+00:00\",\"dateModified\":\"2025-08-25T09:23:41+00:00\",\"description\":\"Nous sommes une tannerie historique pr\u00e8s de Milan. Nous fabriquons des talons sur mesure pour les maisons de haute couture. Contactez-nous pour plus d'informations.\",\"breadcrumb\":{\"@id\":\"https:\/\/italcompo.it\/fr\/contacts\/#breadcrumb\"},\"inLanguage\":\"fr-FR\",\"potentialAction\":[{\"@type\":\"ReadAction\",\"target\":[\"https:\/\/italcompo.it\/fr\/contacts\/\"]}]},{\"@type\":\"BreadcrumbList\",\"@id\":\"https:\/\/italcompo.it\/fr\/contacts\/#breadcrumb\",\"itemListElement\":[{\"@type\":\"ListItem\",\"position\":1,\"name\":\"Home\",\"item\":\"https:\/\/italcompo.it\/fr\/\"},{\"@type\":\"ListItem\",\"position\":2,\"name\":\"Contacts\"}]},{\"@type\":\"WebSite\",\"@id\":\"https:\/\/italcompo.it\/fr\/#website\",\"url\":\"https:\/\/italcompo.it\/fr\/\",\"name\":\"Italcompo\",\"description\":\"tacchificio per l&#039;alta moda\",\"publisher\":{\"@id\":\"https:\/\/italcompo.it\/fr\/#organization\"},\"potentialAction\":[{\"@type\":\"SearchAction\",\"target\":{\"@type\":\"EntryPoint\",\"urlTemplate\":\"https:\/\/italcompo.it\/fr\/?s={search_term_string}\"},\"query-input\":{\"@type\":\"PropertyValueSpecification\",\"valueRequired\":true,\"valueName\":\"search_term_string\"}}],\"inLanguage\":\"fr-FR\"},{\"@type\":\"Organization\",\"@id\":\"https:\/\/italcompo.it\/fr\/#organization\",\"name\":\"Italcompo Srl\",\"url\":\"https:\/\/italcompo.it\/fr\/\",\"logo\":{\"@type\":\"ImageObject\",\"inLanguage\":\"fr-FR\",\"@id\":\"https:\/\/italcompo.it\/fr\/#\/schema\/logo\/image\/\",\"url\":\"https:\/\/italcompo.it\/wp-content\/uploads\/2024\/07\/logo-italcompo-header.svg\",\"contentUrl\":\"https:\/\/italcompo.it\/wp-content\/uploads\/2024\/07\/logo-italcompo-header.svg\",\"width\":240,\"height\":95,\"caption\":\"Italcompo Srl\"},\"image\":{\"@id\":\"https:\/\/italcompo.it\/fr\/#\/schema\/logo\/image\/\"},\"sameAs\":[\"https:\/\/www.facebook.com\/italcompo?locale=it_IT\",\"https:\/\/www.instagram.com\/italcompo_srl\/\",\"https:\/\/www.youtube.com\/@Italcompo\",\"https:\/\/www.linkedin.com\/company\/italcompo\/\"]}]}<\/script>\n<!-- \/ Yoast SEO plugin. -->","yoast_head_json":{"title":"Contacts - Italcompo","description":"Nous sommes une tannerie historique pr\u00e8s de Milan. Nous fabriquons des talons sur mesure pour les maisons de haute couture. Contactez-nous pour plus d'informations.","robots":{"index":"index","follow":"follow","max-snippet":"max-snippet:-1","max-image-preview":"max-image-preview:large","max-video-preview":"max-video-preview:-1"},"canonical":"https:\/\/italcompo.it\/fr\/contacts\/","og_locale":"fr_FR","og_type":"article","og_title":"Contacts - Italcompo","og_description":"Nous sommes une tannerie historique pr\u00e8s de Milan. Nous fabriquons des talons sur mesure pour les maisons de haute couture. Contactez-nous pour plus d'informations.","og_url":"https:\/\/italcompo.it\/fr\/contacts\/","og_site_name":"Italcompo","article_publisher":"https:\/\/www.facebook.com\/italcompo?locale=it_IT","article_modified_time":"2025-08-25T09:23:41+00:00","twitter_card":"summary_large_image","twitter_misc":{"Dur\u00e9e de lecture estim\u00e9e":"1 minute"},"schema":{"@context":"https:\/\/schema.org","@graph":[{"@type":"WebPage","@id":"https:\/\/italcompo.it\/fr\/contacts\/","url":"https:\/\/italcompo.it\/fr\/contacts\/","name":"Contacts - Italcompo","isPartOf":{"@id":"https:\/\/italcompo.it\/fr\/#website"},"datePublished":"2024-06-28T12:39:57+00:00","dateModified":"2025-08-25T09:23:41+00:00","description":"Nous sommes une tannerie historique pr\u00e8s de Milan. Nous fabriquons des talons sur mesure pour les maisons de haute couture. Contactez-nous pour plus d'informations.","breadcrumb":{"@id":"https:\/\/italcompo.it\/fr\/contacts\/#breadcrumb"},"inLanguage":"fr-FR","potentialAction":[{"@type":"ReadAction","target":["https:\/\/italcompo.it\/fr\/contacts\/"]}]},{"@type":"BreadcrumbList","@id":"https:\/\/italcompo.it\/fr\/contacts\/#breadcrumb","itemListElement":[{"@type":"ListItem","position":1,"name":"Home","item":"https:\/\/italcompo.it\/fr\/"},{"@type":"ListItem","position":2,"name":"Contacts"}]},{"@type":"WebSite","@id":"https:\/\/italcompo.it\/fr\/#website","url":"https:\/\/italcompo.it\/fr\/","name":"Italcompo","description":"tacchificio per l&#039;alta moda","publisher":{"@id":"https:\/\/italcompo.it\/fr\/#organization"},"potentialAction":[{"@type":"SearchAction","target":{"@type":"EntryPoint","urlTemplate":"https:\/\/italcompo.it\/fr\/?s={search_term_string}"},"query-input":{"@type":"PropertyValueSpecification","valueRequired":true,"valueName":"search_term_string"}}],"inLanguage":"fr-FR"},{"@type":"Organization","@id":"https:\/\/italcompo.it\/fr\/#organization","name":"Italcompo Srl","url":"https:\/\/italcompo.it\/fr\/","logo":{"@type":"ImageObject","inLanguage":"fr-FR","@id":"https:\/\/italcompo.it\/fr\/#\/schema\/logo\/image\/","url":"https:\/\/italcompo.it\/wp-content\/uploads\/2024\/07\/logo-italcompo-header.svg","contentUrl":"https:\/\/italcompo.it\/wp-content\/uploads\/2024\/07\/logo-italcompo-header.svg","width":240,"height":95,"caption":"Italcompo Srl"},"image":{"@id":"https:\/\/italcompo.it\/fr\/#\/schema\/logo\/image\/"},"sameAs":["https:\/\/www.facebook.com\/italcompo?locale=it_IT","https:\/\/www.instagram.com\/italcompo_srl\/","https:\/\/www.youtube.com\/@Italcompo","https:\/\/www.linkedin.com\/company\/italcompo\/"]}]}},"_links":{"self":[{"href":"https:\/\/italcompo.it\/fr\/wp-json\/wp\/v2\/pages\/1701","targetHints":{"allow":["GET"]}}],"collection":[{"href":"https:\/\/italcompo.it\/fr\/wp-json\/wp\/v2\/pages"}],"about":[{"href":"https:\/\/italcompo.it\/fr\/wp-json\/wp\/v2\/types\/page"}],"author":[{"embeddable":true,"href":"https:\/\/italcompo.it\/fr\/wp-json\/wp\/v2\/users\/1"}],"replies":[{"embeddable":true,"href":"https:\/\/italcompo.it\/fr\/wp-json\/wp\/v2\/comments?post=1701"}],"version-history":[{"count":4,"href":"https:\/\/italcompo.it\/fr\/wp-json\/wp\/v2\/pages\/1701\/revisions"}],"predecessor-version":[{"id":5148,"href":"https:\/\/italcompo.it\/fr\/wp-json\/wp\/v2\/pages\/1701\/revisions\/5148"}],"wp:attachment":[{"href":"https:\/\/italcompo.it\/fr\/wp-json\/wp\/v2\/media?parent=1701"}],"curies":[{"name":"wp","href":"https:\/\/api.w.org\/{rel}","templated":true}]}}